{"id":654,"date":"2023-03-15T22:37:04","date_gmt":"2023-03-15T21:37:04","guid":{"rendered":"https:\/\/au117.be\/aucoquelicot\/?page_id=654"},"modified":"2023-10-23T21:47:52","modified_gmt":"2023-10-23T20:47:52","slug":"cgv","status":"publish","type":"page","link":"https:\/\/au117.be\/aucoquelicot\/cgv\/","title":{"rendered":"Conditions g\u00e9n\u00e9rales de vente"},"content":{"rendered":"\t\t<div data-elementor-type=\"wp-page\" data-elementor-id=\"654\" class=\"elementor elementor-654\" data-elementor-post-type=\"page\">\n\t\t\t\t\t\t<section class=\"elementor-section elementor-top-section elementor-element elementor-element-501a4c4 elementor-section-boxed elementor-section-height-default elementor-section-height-default\" data-id=\"501a4c4\" data-element_type=\"section\" data-e-type=\"section\">\n\t\t\t\t\t\t<div class=\"elementor-container elementor-column-gap-default\">\n\t\t\t\t\t<div class=\"elementor-column elementor-col-100 elementor-top-column elementor-element elementor-element-5adabee\" data-id=\"5adabee\" data-element_type=\"column\" data-e-type=\"column\">\n\t\t\t<div class=\"elementor-widget-wrap elementor-element-populated\">\n\t\t\t\t\t\t<div class=\"elementor-element elementor-element-e637b86 elementor-widget__width-initial elementor-widget elementor-widget-text-editor\" data-id=\"e637b86\" data-element_type=\"widget\" data-e-type=\"widget\" data-widget_type=\"text-editor.default\">\n\t\t\t\t<div class=\"elementor-widget-container\">\n\t\t\t\t\t\t\t\t\t<h1>CONDITIONS G\u00c9N\u00c9RALES DE VENTE DE L\u2019\u00c9TABLISSEMENT<\/h1>\n<h4>1. RECONNAISSANCE PAR LE COMMISSARIAT G\u00c9N\u00c9RAL AU TOURISME<\/h4>\n<p>Le bailleur certifie que le bien lou\u00e9 est conforme aux dispositions du Code wallon du Tourisme du 1er avril 2010.<\/p>\n<h4>2. MODALIT\u00c9S DE CONCLUSION DU PR\u00c9SENT CONTRAT<\/h4>\n<p>Le bailleur adresse au locataire un contrat. Le locataire paie un acompte de 25 % du montant du prix du s\u00e9jour, dans un d\u00e9lai maximum de 5 jours suivant la date de r\u00e9ception du contrat, sur le compte BE82 0636 6638 3668.<br>En cas de location par l\u2019interm\u00e9diaire de l&rsquo;Outil R\u00e9gional de Commercialisation (ORC) ou des plateformes en ligne Booking.com et Airbnb, le locataire se conforme aux conditions g\u00e9n\u00e9rales de la plateforme utilis\u00e9e.<\/p>\n<p>Le solde est exigible 30 jours avant l\u2019entr\u00e9e en jouissance, \u00e0 l\u2019exception toutefois des r\u00e9servations tardives, auquel cas le montant total de la location sera pay\u00e9 d\u00e8s la confirmation de la r\u00e9servation par le propri\u00e9taire sur le compte BE82 0636 6638 3668.<\/p>\n<p>Si le bailleur ne re\u00e7oit pas l\u2019acompte ou le solde dans le d\u00e9lai imparti, il peut renoncer \u00e0 la location par lettre recommand\u00e9e, fax ou courrier \u00e9lectronique end\u00e9ans les 8 jours qui suivent la date pr\u00e9vue pour le paiement de l\u2019acompte ou du solde.<\/p>\n<p>Dans le cas d\u2019une r\u00e9servation via&nbsp;<span style=\"background-color: var( --e-global-color-5bc03aa ); color: var( --e-global-color-text ); font-family: var( --e-global-typography-text-font-family ), Sans-serif; font-size: var( --e-global-typography-text-font-size ); font-weight: var( --e-global-typography-text-font-weight );\">de l&rsquo;Outil R\u00e9gional de Commercialisation (ORC) ou&nbsp;<\/span><span style=\"font-size: inherit; background-color: var( --e-global-color-5bc03aa ); color: var( --e-global-color-text ); font-family: var( --e-global-typography-text-font-family ), Sans-serif; font-weight: var( --e-global-typography-text-font-weight );\">les plateformes en ligne Booking.com et Airbnb, le paiement est effectu\u00e9 lors de la r\u00e9servation via la plateforme.<\/span><\/p>\n\n<h4>3. USAGE DES BIENS LOU\u00c9S<\/h4>\n<p><span style=\"background-color: var( --e-global-color-5bc03aa ); color: var( --e-global-color-text ); font-family: var( --e-global-typography-text-font-family ), Sans-serif; font-size: inherit; font-weight: var( --e-global-typography-text-font-weight );\">Le locataire use du bien lou\u00e9 conform\u00e9ment \u00e0 sa destination et en bon p\u00e8re de famille. Il est tenu de respecter la capacit\u00e9 maximum pr\u00e9vue. Toute infraction \u00e0 cette clause peut entra\u00eener la r\u00e9siliation imm\u00e9diate du pr\u00e9sent contrat, aux torts du locataire, le montant de la location restant d\u00e9finitivement acquis au bailleur.<\/span><\/p>\n<h4>4. ANIMAUX<\/h4>\n<p>Les animaux domestiques ne sont pas accept\u00e9s.<br><\/p>\n<h4>5. CAUTION<\/h4>\n<p><span style=\"font-size: inherit; background-color: var( --e-global-color-5bc03aa ); color: var( --e-global-color-text ); font-family: var( --e-global-typography-text-font-family ), Sans-serif; font-weight: var( --e-global-typography-text-font-weight );\">Une caution, dont le montant est fix\u00e9 \u00e0 500,00 \u20ac (cinq cents euros), est vers\u00e9e au bailleur 30 jours avant l\u2019entr\u00e9e en jouissance dans l\u2019h\u00e9bergement sur le compte BE82 0636 6638 3668. Dans le cas d\u2019une r\u00e9servation via les plateformes en ligne Booking.com et Airbnb, le versement de la caution n\u2019est pas requis, les assurances des plateformes couvriront les dommages \u00e9ventuels, sous r\u00e9serve d\u2019un recours \u00e9ventuel de la plateforme envers le locataire.<\/span><\/p>\n<p>La caution est destin\u00e9e \u00e0 couvrir toutes les dettes dont le locataire resterait \u00e9ventuellement redevable au bailleur lors de la restitution des lieux.<\/p>\n<p>Cette caution est rembours\u00e9e au locataire le jour du d\u00e9part ou au plus tard dans les 10 jours ouvrables qui suivent la date du d\u00e9part, d\u00e9duction faite de toutes les sommes.<\/p>\n\n<p>En cas de contestation, le bailleur peut, sous sa responsabilit\u00e9, conserver la caution jusqu\u2019\u00e0 ce que les responsabilit\u00e9s soient clairement \u00e9tablies.<br>S\u2019il s\u2019av\u00e8re que le locataire n\u2019est pas redevable des sommes r\u00e9clam\u00e9es et que tout ou partie de la caution doit \u00eatre restitu\u00e9e, le bailleur devra des int\u00e9r\u00eats, au taux l\u00e9gal, sur le montant \u00e0 restituer finalement.<\/p>\n\n<h4>6. INVENTAIRE \u00ab EQUIPEMENT ET CONFORT \u00bb<\/h4>\n<p>Il est proc\u00e9d\u00e9, au d\u00e9but et \u00e0 la fin du s\u00e9jour, \u00e0 un inventaire de l\u2019\u00e9quipement du bien lou\u00e9.<\/p>\n\n<p>Le locataire doit restituer le bien dans l\u2019\u00e9tat o\u00f9 il l\u2019a re\u00e7u. Il r\u00e9pond de toute perte ou d\u00e9g\u00e2t. Toute diff\u00e9rence avec l\u2019inventaire ou anomalie doit \u00eatre signal\u00e9e au bailleur ou \u00e0 son repr\u00e9sentant, au plus tard \u00e0 10h00, le lendemain du jour de l\u2019arriv\u00e9e.<\/p>\n<h4>7. ANNULATION \u2013 D\u00c9PART PR\u00c9MATUR\u00c9<\/h4>\n<p>Toute annulation doit \u00eatre notifi\u00e9e par lettre recommand\u00e9e, fax ou courrier \u00e9lectronique confirm\u00e9 par poste. Le locataire peut proposer au bailleur la cession de son bail, sous son enti\u00e8re responsabilit\u00e9, \u00e0 une personne d\u00e9sign\u00e9e par lui et qui accepte de contracter aux m\u00eames conditions. Dans ce cas, l\u2019acompte est r\u00e9put\u00e9 pay\u00e9 par le cessionnaire. Le locataire peut aussi proposer au bailleur de se substituer une personne pour la jouissance de l\u2019h\u00e9bergement, tout en restant le titulaire du contrat, y compris pendant la dur\u00e9e de celui-ci. Ceci implique qu\u2019il reste personnellement tenu de toutes ses obligations initiales. L\u2019accord expr\u00e8s du bailleur est requis et ne concerne que la ou les personnes d\u00e9sign\u00e9es.<\/p>\n<p>Dans les autres cas, l&rsquo;acompte de 25 % du prix du s\u00e9jour reste acquis au bailleur \u00e0 titre d&rsquo;indemnit\u00e9. Cette indemnit\u00e9 est port\u00e9e \u00e0 :<br>&#8211; 30 % du prix du s\u00e9jour si l&rsquo;annulation intervient de 30 \u00e0 15 jours avant le d\u00e9but du s\u00e9jour.<br>&#8211; 50 % du prix du s\u00e9jour si l&rsquo;annulation intervient de 14 \u00e0 8 jours avant le d\u00e9but du s\u00e9jour.<br>&#8211; 100 % du prix du s\u00e9jour si l&rsquo;annulation intervient moins de 8 jours avant le d\u00e9but du s\u00e9jour ou si le locataire ne se pr\u00e9sente pas.<\/p>\n<p>Si l&rsquo;annulation est le fait du bailleur, celui-ci peut proposer au locataire un h\u00e9bergement de m\u00eame qualit\u00e9 ou de qualit\u00e9 sup\u00e9rieure au prix de sa r\u00e9servation.<br>A d\u00e9faut d&rsquo;une telle proposition ou en cas de refus du locataire, le bailleur doit rembourser au locataire l&rsquo;acompte pay\u00e9 ainsi que le solde du prix du s\u00e9jour si celui-ci est d\u00e9j\u00e0 pay\u00e9 et lui payer en outre une indemnit\u00e9 \u00e9quivalente \u00e0 25 % du prix du s\u00e9jour.<br>Cette indemnit\u00e9 est port\u00e9e \u00e0 :<br>&#8211; 50 % du prix du s\u00e9jour si l&rsquo;annulation intervient de 29 \u00e0 15 jours avant le d\u00e9but du s\u00e9jour. <br>&#8211; 75 % du prix du s\u00e9jour si l&rsquo;annulation intervient de 14 \u00e0 8 jours avant le d\u00e9but du s\u00e9jour. <br>&#8211; 90 % du prix du s\u00e9jour si l&rsquo;annulation intervient moins de 8 jours avant le d\u00e9but du s\u00e9jour.<\/p>\n<p>L&rsquo;indemnit\u00e9 n&rsquo;est toutefois pas due en cas de force majeure.<\/p>\n<p>Si le locataire ne se manifeste pas dans les 24 heures qui suivent la date d&rsquo;arriv\u00e9e mentionn\u00e9e sur le contrat :<br>&#8211; le contrat devient nul de plein droit,<br>&#8211; l&rsquo;acompte reste acquis au bailleur qui se r\u00e9serve le droit de r\u00e9clamer le solde au locataire,<br>&#8211; le bailleur peut disposer de son bien.<\/p>\n<p>Le d\u00e9part pr\u00e9matur\u00e9 du locataire, et ce quelle qu&rsquo;en soit la raison, n&rsquo;entra\u00eene aucun remboursement -m\u00eame partiel- du prix du s\u00e9jour.<\/p>\n<h4>8. RETARD DE PAIEMENT<\/h4>\n<p>Tout montant d\u00fb par le locataire, et non pay\u00e9 dix jours apr\u00e8s son \u00e9ch\u00e9ance, produira de plein droit et sans mise en demeure, au profit du bailleur, un int\u00e9r\u00eat de 1% par mois \u00e0 compter de son \u00e9ch\u00e9ance, l\u2019int\u00e9r\u00eat de tout mois commenc\u00e9 \u00e9tant d\u00fb pour le mois entier.<\/p>\n<h4>9. RESPONSABILIT\u00c9 &#8211; ASSURANCES<\/h4>\n<p>Le locataire occupe les lieux en bon p\u00e8re de famille. Il engage sa responsabilit\u00e9 pour le bien lou\u00e9, l&rsquo;\u00e9quipement et le terrain mis \u00e0 sa disposition. Il rembourse au bailleur tous les frais occasionn\u00e9s par son fait et s&rsquo;engage \u00e0 signaler les d\u00e9g\u00e2ts \u00e9ventuels. Par la prise en location de l\u2019h\u00e9bergement, le locataire est l\u00e9galement tenu de le restituer dans l&rsquo;\u00e9tat dans lequel il l&rsquo;a re\u00e7u, y compris en cas d&rsquo;incendie (art 1732, 1733 et 1735 du CC.). Le cas \u00e9ch\u00e9ant (voir clauses particuli\u00e8res) le locataire fait couvrir sa responsabilit\u00e9 locative par une police d&rsquo;assurance INCENDIE de type GLOBAL, tant pour les risques locatifs (le b\u00e2timent), que pour le contenu (meubles, etc.) mis \u00e0 sa disposition. Ces risques peuvent \u00eatre couverts par l&rsquo;extension \u00ab\u00a0vill\u00e9giature\u00a0\u00bb de la police d&rsquo;assurance INCENDIE du locataire. Le locataire est invit\u00e9 \u00e0 prendre contact avec son assureur pour v\u00e9rifier son contrat.<\/p>\n<h4>10. SOLIDARIT\u00c9<\/h4>\n<p>Les obligations du pr\u00e9sent bail sont indivisibles et solidaires \u00e0 l\u2019\u00e9gard du locataire, de ses h\u00e9ritiers ou de ses ayants droits, \u00e0 quelque titre que ce soit.<\/p>\n<h4>11. RESPECT DU VOISINAGE ET DE L&rsquo;ENVIRONNEMENT<\/h4>\n<p>Le locataire s&rsquo;engage \u00e0 adopter un comportement respectueux des habitants et de l&rsquo;environnement en g\u00e9n\u00e9ral : faune, flore, \u00e9quipements divers, etc.&nbsp;<\/p>\n<p>Les feux d&rsquo;artifices, p\u00e9tards, feux de bengale sont strictement interdits dans la propri\u00e9t\u00e9, m\u00eame \u00e0 l&rsquo;occ<span style=\"background-color: var( --e-global-color-5bc03aa ); color: var( --e-global-color-text ); font-family: var( --e-global-typography-text-font-family ), Sans-serif; font-size: var( --e-global-typography-text-font-size ); font-weight: var( --e-global-typography-text-font-weight );\">asion des f\u00eates de fin d&rsquo;ann\u00e9e.<\/span><\/p>\n<h4>12. LITIGES<\/h4>\n<p>A d\u00e9faut d&rsquo;accord entre parties, seuls les tribunaux de l&rsquo;arrondissement judiciaire du lieu o\u00f9 se trouve l&rsquo;immeuble sont comp\u00e9tents.<\/p>\n\t\t\t\t\t\t\t\t<\/div>\n\t\t\t\t<\/div>\n\t\t\t\t\t<\/div>\n\t\t<\/div>\n\t\t\t\t\t<\/div>\n\t\t<\/section>\n\t\t\t\t<\/div>\n\t\t","protected":false},"excerpt":{"rendered":"<p>CONDITIONS G\u00c9N\u00c9RALES DE VENTE DE L\u2019\u00c9TABLISSEMENT 1. RECONNAISSANCE PAR LE COMMISSARIAT G\u00c9N\u00c9RAL AU TOURISME Le bailleur certifie que le bien lou\u00e9 est conforme aux dispositions du Code wallon du Tourisme du 1er avril 2010. 2. MODALIT\u00c9S DE CONCLUSION DU PR\u00c9SENT CONTRAT Le bailleur adresse au locataire un contrat. Le locataire [&hellip;]<\/p>\n","protected":false},"author":2,"featured_media":0,"parent":0,"menu_order":0,"comment_status":"closed","ping_status":"open","template":"page-templates\/template-pagebuilder-full-width.php","meta":{"footnotes":""},"class_list":["post-654","page","type-page","status-publish","hentry"],"yoast_head":"<!-- This site is optimized with the Yoast SEO plugin v27.5 - https:\/\/yoast.com\/product\/yoast-seo-wordpress\/ -->\n<title>Conditions g\u00e9n\u00e9rales de vente - Au Coquelicot<\/title>\n<meta name=\"robots\" content=\"index, follow, max-snippet:-1, max-image-preview:large, max-video-preview:-1\" \/>\n<link rel=\"canonical\" href=\"https:\/\/au117.be\/aucoquelicot\/cgv\/\" \/>\n<meta property=\"og:locale\" content=\"fr_FR\" \/>\n<meta property=\"og:type\" content=\"article\" \/>\n<meta property=\"og:title\" content=\"Conditions g\u00e9n\u00e9rales de vente - Au Coquelicot\" \/>\n<meta property=\"og:description\" content=\"CONDITIONS G\u00c9N\u00c9RALES DE VENTE DE L\u2019\u00c9TABLISSEMENT 1. RECONNAISSANCE PAR LE COMMISSARIAT G\u00c9N\u00c9RAL AU TOURISME Le bailleur certifie que le bien lou\u00e9 est conforme aux dispositions du Code wallon du Tourisme du 1er avril 2010. 2. MODALIT\u00c9S DE CONCLUSION DU PR\u00c9SENT CONTRAT Le bailleur adresse au locataire un contrat. Le locataire [&hellip;]\" \/>\n<meta property=\"og:url\" content=\"https:\/\/au117.be\/aucoquelicot\/cgv\/\" \/>\n<meta property=\"og:site_name\" content=\"Au Coquelicot\" \/>\n<meta property=\"article:publisher\" content=\"https:\/\/www.facebook.com\/gite.aucoquelicot\" \/>\n<meta property=\"article:modified_time\" content=\"2023-10-23T20:47:52+00:00\" \/>\n<meta property=\"og:image\" content=\"https:\/\/au117.be\/aucoquelicot\/wp-content\/uploads\/2023\/02\/20211124_214049-scaled.jpg\" \/>\n\t<meta property=\"og:image:width\" content=\"2560\" \/>\n\t<meta property=\"og:image:height\" content=\"1441\" \/>\n\t<meta property=\"og:image:type\" content=\"image\/jpeg\" \/>\n<meta name=\"twitter:label1\" content=\"Dur\u00e9e de lecture estim\u00e9e\" \/>\n\t<meta name=\"twitter:data1\" content=\"7 minutes\" \/>\n<script type=\"application\/ld+json\" class=\"yoast-schema-graph\">{\"@context\":\"https:\\\/\\\/schema.org\",\"@graph\":[{\"@type\":\"WebPage\",\"@id\":\"https:\\\/\\\/au117.be\\\/aucoquelicot\\\/cgv\\\/\",\"url\":\"https:\\\/\\\/au117.be\\\/aucoquelicot\\\/cgv\\\/\",\"name\":\"Conditions g\u00e9n\u00e9rales de vente - Au Coquelicot\",\"isPartOf\":{\"@id\":\"https:\\\/\\\/au117.be\\\/aucoquelicot\\\/#website\"},\"datePublished\":\"2023-03-15T21:37:04+00:00\",\"dateModified\":\"2023-10-23T20:47:52+00:00\",\"inLanguage\":\"fr-FR\",\"potentialAction\":[{\"@type\":\"ReadAction\",\"target\":[\"https:\\\/\\\/au117.be\\\/aucoquelicot\\\/cgv\\\/\"]}]},{\"@type\":\"WebSite\",\"@id\":\"https:\\\/\\\/au117.be\\\/aucoquelicot\\\/#website\",\"url\":\"https:\\\/\\\/au117.be\\\/aucoquelicot\\\/\",\"name\":\"Au Coquelicot\",\"description\":\"Un g\u00eete cosy au c\u0153ur du Pays Vert\",\"publisher\":{\"@id\":\"https:\\\/\\\/au117.be\\\/aucoquelicot\\\/#organization\"},\"alternateName\":\"O Coklico\",\"potentialAction\":[{\"@type\":\"SearchAction\",\"target\":{\"@type\":\"EntryPoint\",\"urlTemplate\":\"https:\\\/\\\/au117.be\\\/aucoquelicot\\\/?s={search_term_string}\"},\"query-input\":{\"@type\":\"PropertyValueSpecification\",\"valueRequired\":true,\"valueName\":\"search_term_string\"}}],\"inLanguage\":\"fr-FR\"},{\"@type\":\"Organization\",\"@id\":\"https:\\\/\\\/au117.be\\\/aucoquelicot\\\/#organization\",\"name\":\"Le g\u00eete \\\"Au Coquelicot\\\"\",\"alternateName\":\"O Coklico\",\"url\":\"https:\\\/\\\/au117.be\\\/aucoquelicot\\\/\",\"logo\":{\"@type\":\"ImageObject\",\"inLanguage\":\"fr-FR\",\"@id\":\"https:\\\/\\\/au117.be\\\/aucoquelicot\\\/#\\\/schema\\\/logo\\\/image\\\/\",\"url\":\"https:\\\/\\\/au117.be\\\/aucoquelicot\\\/wp-content\\\/uploads\\\/2020\\\/04\\\/Sigle.jpg\",\"contentUrl\":\"https:\\\/\\\/au117.be\\\/aucoquelicot\\\/wp-content\\\/uploads\\\/2020\\\/04\\\/Sigle.jpg\",\"width\":652,\"height\":685,\"caption\":\"Le g\u00eete \\\"Au Coquelicot\\\"\"},\"image\":{\"@id\":\"https:\\\/\\\/au117.be\\\/aucoquelicot\\\/#\\\/schema\\\/logo\\\/image\\\/\"},\"sameAs\":[\"https:\\\/\\\/www.facebook.com\\\/gite.aucoquelicot\"]}]}<\/script>\n<!-- \/ Yoast SEO plugin. -->","yoast_head_json":{"title":"Conditions g\u00e9n\u00e9rales de vente - Au Coquelicot","robots":{"index":"index","follow":"follow","max-snippet":"max-snippet:-1","max-image-preview":"max-image-preview:large","max-video-preview":"max-video-preview:-1"},"canonical":"https:\/\/au117.be\/aucoquelicot\/cgv\/","og_locale":"fr_FR","og_type":"article","og_title":"Conditions g\u00e9n\u00e9rales de vente - Au Coquelicot","og_description":"CONDITIONS G\u00c9N\u00c9RALES DE VENTE DE L\u2019\u00c9TABLISSEMENT 1. RECONNAISSANCE PAR LE COMMISSARIAT G\u00c9N\u00c9RAL AU TOURISME Le bailleur certifie que le bien lou\u00e9 est conforme aux dispositions du Code wallon du Tourisme du 1er avril 2010. 2. MODALIT\u00c9S DE CONCLUSION DU PR\u00c9SENT CONTRAT Le bailleur adresse au locataire un contrat. Le locataire [&hellip;]","og_url":"https:\/\/au117.be\/aucoquelicot\/cgv\/","og_site_name":"Au Coquelicot","article_publisher":"https:\/\/www.facebook.com\/gite.aucoquelicot","article_modified_time":"2023-10-23T20:47:52+00:00","og_image":[{"width":2560,"height":1441,"url":"https:\/\/au117.be\/aucoquelicot\/wp-content\/uploads\/2023\/02\/20211124_214049-scaled.jpg","type":"image\/jpeg"}],"twitter_misc":{"Dur\u00e9e de lecture estim\u00e9e":"7 minutes"},"schema":{"@context":"https:\/\/schema.org","@graph":[{"@type":"WebPage","@id":"https:\/\/au117.be\/aucoquelicot\/cgv\/","url":"https:\/\/au117.be\/aucoquelicot\/cgv\/","name":"Conditions g\u00e9n\u00e9rales de vente - Au Coquelicot","isPartOf":{"@id":"https:\/\/au117.be\/aucoquelicot\/#website"},"datePublished":"2023-03-15T21:37:04+00:00","dateModified":"2023-10-23T20:47:52+00:00","inLanguage":"fr-FR","potentialAction":[{"@type":"ReadAction","target":["https:\/\/au117.be\/aucoquelicot\/cgv\/"]}]},{"@type":"WebSite","@id":"https:\/\/au117.be\/aucoquelicot\/#website","url":"https:\/\/au117.be\/aucoquelicot\/","name":"Au Coquelicot","description":"Un g\u00eete cosy au c\u0153ur du Pays Vert","publisher":{"@id":"https:\/\/au117.be\/aucoquelicot\/#organization"},"alternateName":"O Coklico","potentialAction":[{"@type":"SearchAction","target":{"@type":"EntryPoint","urlTemplate":"https:\/\/au117.be\/aucoquelicot\/?s={search_term_string}"},"query-input":{"@type":"PropertyValueSpecification","valueRequired":true,"valueName":"search_term_string"}}],"inLanguage":"fr-FR"},{"@type":"Organization","@id":"https:\/\/au117.be\/aucoquelicot\/#organization","name":"Le g\u00eete \"Au Coquelicot\"","alternateName":"O Coklico","url":"https:\/\/au117.be\/aucoquelicot\/","logo":{"@type":"ImageObject","inLanguage":"fr-FR","@id":"https:\/\/au117.be\/aucoquelicot\/#\/schema\/logo\/image\/","url":"https:\/\/au117.be\/aucoquelicot\/wp-content\/uploads\/2020\/04\/Sigle.jpg","contentUrl":"https:\/\/au117.be\/aucoquelicot\/wp-content\/uploads\/2020\/04\/Sigle.jpg","width":652,"height":685,"caption":"Le g\u00eete \"Au Coquelicot\""},"image":{"@id":"https:\/\/au117.be\/aucoquelicot\/#\/schema\/logo\/image\/"},"sameAs":["https:\/\/www.facebook.com\/gite.aucoquelicot"]}]}},"_links":{"self":[{"href":"https:\/\/au117.be\/aucoquelicot\/wp-json\/wp\/v2\/pages\/654","targetHints":{"allow":["GET"]}}],"collection":[{"href":"https:\/\/au117.be\/aucoquelicot\/wp-json\/wp\/v2\/pages"}],"about":[{"href":"https:\/\/au117.be\/aucoquelicot\/wp-json\/wp\/v2\/types\/page"}],"author":[{"embeddable":true,"href":"https:\/\/au117.be\/aucoquelicot\/wp-json\/wp\/v2\/users\/2"}],"replies":[{"embeddable":true,"href":"https:\/\/au117.be\/aucoquelicot\/wp-json\/wp\/v2\/comments?post=654"}],"version-history":[{"count":0,"href":"https:\/\/au117.be\/aucoquelicot\/wp-json\/wp\/v2\/pages\/654\/revisions"}],"wp:attachment":[{"href":"https:\/\/au117.be\/aucoquelicot\/wp-json\/wp\/v2\/media?parent=654"}],"curies":[{"name":"wp","href":"https:\/\/api.w.org\/{rel}","templated":true}]}}