{"id":616,"date":"2023-03-14T18:23:46","date_gmt":"2023-03-14T17:23:46","guid":{"rendered":"https:\/\/au117.be\/aucoquelicot\/?page_id=616"},"modified":"2023-03-14T18:30:20","modified_gmt":"2023-03-14T17:30:20","slug":"mentionslegales","status":"publish","type":"page","link":"https:\/\/au117.be\/aucoquelicot\/mentionslegales\/","title":{"rendered":"Mentions l\u00e9gales"},"content":{"rendered":"\t\t<div data-elementor-type=\"wp-page\" data-elementor-id=\"616\" class=\"elementor elementor-616\" data-elementor-post-type=\"page\">\n\t\t\t\t\t\t<section class=\"elementor-section elementor-top-section elementor-element elementor-element-7db03f4 elementor-section-boxed elementor-section-height-default elementor-section-height-default\" data-id=\"7db03f4\" data-element_type=\"section\" data-e-type=\"section\">\n\t\t\t\t\t\t<div class=\"elementor-container elementor-column-gap-default\">\n\t\t\t\t\t<div class=\"elementor-column elementor-col-25 elementor-top-column elementor-element elementor-element-9fe4307\" data-id=\"9fe4307\" data-element_type=\"column\" data-e-type=\"column\">\n\t\t\t<div class=\"elementor-widget-wrap\">\n\t\t\t\t\t\t\t<\/div>\n\t\t<\/div>\n\t\t\t\t<div class=\"elementor-column elementor-col-50 elementor-top-column elementor-element elementor-element-bb43bd3\" data-id=\"bb43bd3\" data-element_type=\"column\" data-e-type=\"column\">\n\t\t\t<div class=\"elementor-widget-wrap elementor-element-populated\">\n\t\t\t\t\t\t<div class=\"elementor-element elementor-element-e8036af elementor-widget elementor-widget-text-editor\" data-id=\"e8036af\" data-element_type=\"widget\" data-e-type=\"widget\" data-widget_type=\"text-editor.default\">\n\t\t\t\t<div class=\"elementor-widget-container\">\n\t\t\t\t\t\t\t\t\t<h1>Mentions L\u00e9gales<\/h1><p><br><\/p><h4>1.<span style=\"white-space:pre\">\t<\/span>Informations g\u00e9n\u00e9rales<\/h4><p>Le pr\u00e9sent site internet est \u00e9dit\u00e9 par Le G\u00eete Au Coquelicot, repr\u00e9sent\u00e9 par Renaud Falys, immatricul\u00e9 aupr\u00e8s de la Banque-Carrefour des Entreprises sous le num\u00e9ro BE0717 413 384, dont le si\u00e8ge social est situ\u00e9 au 30, Rue Chef Lieu, 7830 Hellebecq (Belgique).<\/p><p>T\u00e9l\u00e9phone : +32 473 51 11 10&nbsp;<\/p><p>Email : info@aucoquelicot.be&nbsp;<\/p><p>Directeur de la publication : Falys Renaud&nbsp;<\/p><p>H\u00e9bergeur : LWS, 2 r Jules Ferry, 88190 Golbey (France), +33 1 77 62 30 03<\/p><h4>2.<span style=\"white-space:pre\">\t<\/span>Propri\u00e9t\u00e9 intellectuelle<\/h4><p>Le pr\u00e9sent site internet et son contenu (textes, images, graphismes, logos, vid\u00e9os, etc.) sont prot\u00e9g\u00e9s par le droit d&rsquo;auteur et autres droits de propri\u00e9t\u00e9 intellectuelle. Toute reproduction, repr\u00e9sentation, adaptation ou exploitation, totale ou partielle, de ce site ou de son contenu, par quelque moyen que ce soit, sans autorisation pr\u00e9alable \u00e9crite du G\u00eete Au Coquelicot est strictement interdite et constitutive de contrefa\u00e7on.<\/p><h4>3.<span style=\"white-space:pre\">\t<\/span>Donn\u00e9es personnelles<\/h4><p>Les informations recueillies sur ce site font l&rsquo;objet d&rsquo;un traitement informatique destin\u00e9 \u00e0 la r\u00e9servation de nuit\u00e9es au G\u00eete Au Coquelicot, ou \u00e0 la communication avec les voyageurs dans le cadre de leur r\u00e9servation ou \u00e0 titre d\u2019information. Les destinataires des donn\u00e9es sont les gestionnaires des r\u00e9servations (soit les propri\u00e9taires du g\u00eete). Conform\u00e9ment \u00e0 la loi du 8 d\u00e9cembre 1992 relative \u00e0 la protection de la vie priv\u00e9e \u00e0 l&rsquo;\u00e9gard des traitements de donn\u00e9es \u00e0 caract\u00e8re personnel et au R\u00e8glement g\u00e9n\u00e9ral sur la protection des donn\u00e9es (RGPD), vous disposez d&rsquo;un droit d&rsquo;acc\u00e8s, de rectification, d&rsquo;effacement, de limitation et d&rsquo;opposition aux donn\u00e9es vous concernant. Vous pouvez exercer ces droits en \u00e9crivant \u00e0 rgpd@aucoquelicot.be.<\/p><h4>4.<span style=\"white-space:pre\">\t<\/span>Cookies<\/h4><p>Le pr\u00e9sent site utilise des cookies pour am\u00e9liorer votre exp\u00e9rience utilisateur et faciliter votre navigation. Vous pouvez param\u00e9trer votre navigateur pour refuser les cookies, cependant cela peut affecter certaines fonctionnalit\u00e9s du site.<\/p><h4>5.<span style=\"white-space:pre\">\t<\/span>Responsabilit\u00e9<\/h4><p>Le G\u00eete Au Coquelicot d\u00e9cline toute responsabilit\u00e9 quant \u00e0 l&rsquo;utilisation qui pourrait \u00eatre faite des informations contenues sur ce site. Les informations sont fournies \u00e0 titre indicatif et peuvent \u00eatre modifi\u00e9es \u00e0 tout moment sans pr\u00e9avis. Le G\u00eete Au Coquelicot ne peut \u00eatre tenue responsable des dommages directs ou indirects r\u00e9sultant de l&rsquo;acc\u00e8s ou de l&rsquo;utilisation de ce site, y compris des dommages caus\u00e9s par des virus informatiques.<\/p><h4>6.<span style=\"white-space:pre\">\t<\/span>Loi applicable<\/h4><p>Le pr\u00e9sent site est r\u00e9gi par la loi belge. Tout litige relatif \u00e0 ce site sera soumis \u00e0 la comp\u00e9tence exclusive des tribunaux belges. La langue de r\u00e9f\u00e9rence, pour le r\u00e8glement de contentieux \u00e9ventuels, est le fran\u00e7ais.<\/p><p>Le G\u00eete Au Coquelicot se r\u00e9serve le droit de modifier les pr\u00e9sentes mentions l\u00e9gales \u00e0 tout moment et sans pr\u00e9avis.<\/p><p>Derni\u00e8re mise \u00e0 jour : 13 mars 2023.<\/p><p><br><\/p><p><br><\/p>\t\t\t\t\t\t\t\t<\/div>\n\t\t\t\t<\/div>\n\t\t\t\t\t<\/div>\n\t\t<\/div>\n\t\t\t\t<div class=\"elementor-column elementor-col-25 elementor-top-column elementor-element elementor-element-c77072b\" data-id=\"c77072b\" data-element_type=\"column\" data-e-type=\"column\">\n\t\t\t<div class=\"elementor-widget-wrap\">\n\t\t\t\t\t\t\t<\/div>\n\t\t<\/div>\n\t\t\t\t\t<\/div>\n\t\t<\/section>\n\t\t\t\t<\/div>\n\t\t","protected":false},"excerpt":{"rendered":"<p>Mentions L\u00e9gales 1. Informations g\u00e9n\u00e9rales Le pr\u00e9sent site internet est \u00e9dit\u00e9 par Le G\u00eete Au Coquelicot, repr\u00e9sent\u00e9 par Renaud Falys, immatricul\u00e9 aupr\u00e8s de la Banque-Carrefour des Entreprises sous le num\u00e9ro BE0717 413 384, dont le si\u00e8ge social est situ\u00e9 au 30, Rue Chef Lieu, 7830 Hellebecq (Belgique). T\u00e9l\u00e9phone : +32 [&hellip;]<\/p>\n","protected":false},"author":2,"featured_media":0,"parent":0,"menu_order":0,"comment_status":"closed","ping_status":"open","template":"page-templates\/template-pagebuilder-full-width.php","meta":{"footnotes":""},"class_list":["post-616","page","type-page","status-publish","hentry"],"yoast_head":"<!-- This site is optimized with the Yoast SEO plugin v27.5 - https:\/\/yoast.com\/product\/yoast-seo-wordpress\/ -->\n<title>Mentions l\u00e9gales - Au Coquelicot<\/title>\n<meta name=\"robots\" content=\"index, follow, max-snippet:-1, max-image-preview:large, max-video-preview:-1\" \/>\n<link rel=\"canonical\" href=\"https:\/\/au117.be\/aucoquelicot\/mentionslegales\/\" \/>\n<meta property=\"og:locale\" content=\"fr_FR\" \/>\n<meta property=\"og:type\" content=\"article\" \/>\n<meta property=\"og:title\" content=\"Mentions l\u00e9gales - Au Coquelicot\" \/>\n<meta property=\"og:description\" content=\"Mentions L\u00e9gales 1. Informations g\u00e9n\u00e9rales Le pr\u00e9sent site internet est \u00e9dit\u00e9 par Le G\u00eete Au Coquelicot, repr\u00e9sent\u00e9 par Renaud Falys, immatricul\u00e9 aupr\u00e8s de la Banque-Carrefour des Entreprises sous le num\u00e9ro BE0717 413 384, dont le si\u00e8ge social est situ\u00e9 au 30, Rue Chef Lieu, 7830 Hellebecq (Belgique). T\u00e9l\u00e9phone : +32 [&hellip;]\" \/>\n<meta property=\"og:url\" content=\"https:\/\/au117.be\/aucoquelicot\/mentionslegales\/\" \/>\n<meta property=\"og:site_name\" content=\"Au Coquelicot\" \/>\n<meta property=\"article:publisher\" content=\"https:\/\/www.facebook.com\/gite.aucoquelicot\" \/>\n<meta property=\"article:modified_time\" content=\"2023-03-14T17:30:20+00:00\" \/>\n<meta property=\"og:image\" content=\"https:\/\/au117.be\/aucoquelicot\/wp-content\/uploads\/2023\/02\/20211124_214049-scaled.jpg\" \/>\n\t<meta property=\"og:image:width\" content=\"2560\" \/>\n\t<meta property=\"og:image:height\" content=\"1441\" \/>\n\t<meta property=\"og:image:type\" content=\"image\/jpeg\" \/>\n<meta name=\"twitter:label1\" content=\"Dur\u00e9e de lecture estim\u00e9e\" \/>\n\t<meta name=\"twitter:data1\" content=\"3 minutes\" \/>\n<script type=\"application\/ld+json\" class=\"yoast-schema-graph\">{\"@context\":\"https:\\\/\\\/schema.org\",\"@graph\":[{\"@type\":\"WebPage\",\"@id\":\"https:\\\/\\\/au117.be\\\/aucoquelicot\\\/mentionslegales\\\/\",\"url\":\"https:\\\/\\\/au117.be\\\/aucoquelicot\\\/mentionslegales\\\/\",\"name\":\"Mentions l\u00e9gales - Au Coquelicot\",\"isPartOf\":{\"@id\":\"https:\\\/\\\/au117.be\\\/aucoquelicot\\\/#website\"},\"datePublished\":\"2023-03-14T17:23:46+00:00\",\"dateModified\":\"2023-03-14T17:30:20+00:00\",\"inLanguage\":\"fr-FR\",\"potentialAction\":[{\"@type\":\"ReadAction\",\"target\":[\"https:\\\/\\\/au117.be\\\/aucoquelicot\\\/mentionslegales\\\/\"]}]},{\"@type\":\"WebSite\",\"@id\":\"https:\\\/\\\/au117.be\\\/aucoquelicot\\\/#website\",\"url\":\"https:\\\/\\\/au117.be\\\/aucoquelicot\\\/\",\"name\":\"Au Coquelicot\",\"description\":\"Un g\u00eete cosy au c\u0153ur du Pays Vert\",\"publisher\":{\"@id\":\"https:\\\/\\\/au117.be\\\/aucoquelicot\\\/#organization\"},\"alternateName\":\"O Coklico\",\"potentialAction\":[{\"@type\":\"SearchAction\",\"target\":{\"@type\":\"EntryPoint\",\"urlTemplate\":\"https:\\\/\\\/au117.be\\\/aucoquelicot\\\/?s={search_term_string}\"},\"query-input\":{\"@type\":\"PropertyValueSpecification\",\"valueRequired\":true,\"valueName\":\"search_term_string\"}}],\"inLanguage\":\"fr-FR\"},{\"@type\":\"Organization\",\"@id\":\"https:\\\/\\\/au117.be\\\/aucoquelicot\\\/#organization\",\"name\":\"Le g\u00eete \\\"Au Coquelicot\\\"\",\"alternateName\":\"O Coklico\",\"url\":\"https:\\\/\\\/au117.be\\\/aucoquelicot\\\/\",\"logo\":{\"@type\":\"ImageObject\",\"inLanguage\":\"fr-FR\",\"@id\":\"https:\\\/\\\/au117.be\\\/aucoquelicot\\\/#\\\/schema\\\/logo\\\/image\\\/\",\"url\":\"https:\\\/\\\/au117.be\\\/aucoquelicot\\\/wp-content\\\/uploads\\\/2020\\\/04\\\/Sigle.jpg\",\"contentUrl\":\"https:\\\/\\\/au117.be\\\/aucoquelicot\\\/wp-content\\\/uploads\\\/2020\\\/04\\\/Sigle.jpg\",\"width\":652,\"height\":685,\"caption\":\"Le g\u00eete \\\"Au Coquelicot\\\"\"},\"image\":{\"@id\":\"https:\\\/\\\/au117.be\\\/aucoquelicot\\\/#\\\/schema\\\/logo\\\/image\\\/\"},\"sameAs\":[\"https:\\\/\\\/www.facebook.com\\\/gite.aucoquelicot\"]}]}<\/script>\n<!-- \/ Yoast SEO plugin. -->","yoast_head_json":{"title":"Mentions l\u00e9gales - Au Coquelicot","robots":{"index":"index","follow":"follow","max-snippet":"max-snippet:-1","max-image-preview":"max-image-preview:large","max-video-preview":"max-video-preview:-1"},"canonical":"https:\/\/au117.be\/aucoquelicot\/mentionslegales\/","og_locale":"fr_FR","og_type":"article","og_title":"Mentions l\u00e9gales - Au Coquelicot","og_description":"Mentions L\u00e9gales 1. Informations g\u00e9n\u00e9rales Le pr\u00e9sent site internet est \u00e9dit\u00e9 par Le G\u00eete Au Coquelicot, repr\u00e9sent\u00e9 par Renaud Falys, immatricul\u00e9 aupr\u00e8s de la Banque-Carrefour des Entreprises sous le num\u00e9ro BE0717 413 384, dont le si\u00e8ge social est situ\u00e9 au 30, Rue Chef Lieu, 7830 Hellebecq (Belgique). T\u00e9l\u00e9phone : +32 [&hellip;]","og_url":"https:\/\/au117.be\/aucoquelicot\/mentionslegales\/","og_site_name":"Au Coquelicot","article_publisher":"https:\/\/www.facebook.com\/gite.aucoquelicot","article_modified_time":"2023-03-14T17:30:20+00:00","og_image":[{"width":2560,"height":1441,"url":"https:\/\/au117.be\/aucoquelicot\/wp-content\/uploads\/2023\/02\/20211124_214049-scaled.jpg","type":"image\/jpeg"}],"twitter_misc":{"Dur\u00e9e de lecture estim\u00e9e":"3 minutes"},"schema":{"@context":"https:\/\/schema.org","@graph":[{"@type":"WebPage","@id":"https:\/\/au117.be\/aucoquelicot\/mentionslegales\/","url":"https:\/\/au117.be\/aucoquelicot\/mentionslegales\/","name":"Mentions l\u00e9gales - Au Coquelicot","isPartOf":{"@id":"https:\/\/au117.be\/aucoquelicot\/#website"},"datePublished":"2023-03-14T17:23:46+00:00","dateModified":"2023-03-14T17:30:20+00:00","inLanguage":"fr-FR","potentialAction":[{"@type":"ReadAction","target":["https:\/\/au117.be\/aucoquelicot\/mentionslegales\/"]}]},{"@type":"WebSite","@id":"https:\/\/au117.be\/aucoquelicot\/#website","url":"https:\/\/au117.be\/aucoquelicot\/","name":"Au Coquelicot","description":"Un g\u00eete cosy au c\u0153ur du Pays Vert","publisher":{"@id":"https:\/\/au117.be\/aucoquelicot\/#organization"},"alternateName":"O Coklico","potentialAction":[{"@type":"SearchAction","target":{"@type":"EntryPoint","urlTemplate":"https:\/\/au117.be\/aucoquelicot\/?s={search_term_string}"},"query-input":{"@type":"PropertyValueSpecification","valueRequired":true,"valueName":"search_term_string"}}],"inLanguage":"fr-FR"},{"@type":"Organization","@id":"https:\/\/au117.be\/aucoquelicot\/#organization","name":"Le g\u00eete \"Au Coquelicot\"","alternateName":"O Coklico","url":"https:\/\/au117.be\/aucoquelicot\/","logo":{"@type":"ImageObject","inLanguage":"fr-FR","@id":"https:\/\/au117.be\/aucoquelicot\/#\/schema\/logo\/image\/","url":"https:\/\/au117.be\/aucoquelicot\/wp-content\/uploads\/2020\/04\/Sigle.jpg","contentUrl":"https:\/\/au117.be\/aucoquelicot\/wp-content\/uploads\/2020\/04\/Sigle.jpg","width":652,"height":685,"caption":"Le g\u00eete \"Au Coquelicot\""},"image":{"@id":"https:\/\/au117.be\/aucoquelicot\/#\/schema\/logo\/image\/"},"sameAs":["https:\/\/www.facebook.com\/gite.aucoquelicot"]}]}},"_links":{"self":[{"href":"https:\/\/au117.be\/aucoquelicot\/wp-json\/wp\/v2\/pages\/616","targetHints":{"allow":["GET"]}}],"collection":[{"href":"https:\/\/au117.be\/aucoquelicot\/wp-json\/wp\/v2\/pages"}],"about":[{"href":"https:\/\/au117.be\/aucoquelicot\/wp-json\/wp\/v2\/types\/page"}],"author":[{"embeddable":true,"href":"https:\/\/au117.be\/aucoquelicot\/wp-json\/wp\/v2\/users\/2"}],"replies":[{"embeddable":true,"href":"https:\/\/au117.be\/aucoquelicot\/wp-json\/wp\/v2\/comments?post=616"}],"version-history":[{"count":0,"href":"https:\/\/au117.be\/aucoquelicot\/wp-json\/wp\/v2\/pages\/616\/revisions"}],"wp:attachment":[{"href":"https:\/\/au117.be\/aucoquelicot\/wp-json\/wp\/v2\/media?parent=616"}],"curies":[{"name":"wp","href":"https:\/\/api.w.org\/{rel}","templated":true}]}}