{"id":571,"date":"2023-03-14T17:54:31","date_gmt":"2023-03-14T16:54:31","guid":{"rendered":"https:\/\/au117.be\/aucoquelicot\/?page_id=571"},"modified":"2023-03-14T18:03:22","modified_gmt":"2023-03-14T17:03:22","slug":"cgu","status":"publish","type":"page","link":"https:\/\/au117.be\/aucoquelicot\/accueil\/cgu\/","title":{"rendered":"Conditions g\u00e9n\u00e9rales d&rsquo;utilisation"},"content":{"rendered":"\t\t<div data-elementor-type=\"wp-page\" data-elementor-id=\"571\" class=\"elementor elementor-571\" data-elementor-post-type=\"page\">\n\t\t\t\t\t\t<section class=\"elementor-section elementor-top-section elementor-element elementor-element-a78ac11 elementor-section-boxed elementor-section-height-default elementor-section-height-default\" data-id=\"a78ac11\" data-element_type=\"section\" data-e-type=\"section\">\n\t\t\t\t\t\t<div class=\"elementor-container elementor-column-gap-default\">\n\t\t\t\t\t<div class=\"elementor-column elementor-col-25 elementor-top-column elementor-element elementor-element-8250a88\" data-id=\"8250a88\" data-element_type=\"column\" data-e-type=\"column\">\n\t\t\t<div class=\"elementor-widget-wrap\">\n\t\t\t\t\t\t\t<\/div>\n\t\t<\/div>\n\t\t\t\t<div class=\"elementor-column elementor-col-50 elementor-top-column elementor-element elementor-element-c4123b1\" data-id=\"c4123b1\" data-element_type=\"column\" data-e-type=\"column\">\n\t\t\t<div class=\"elementor-widget-wrap elementor-element-populated\">\n\t\t\t\t\t\t<div class=\"elementor-element elementor-element-4f9a6f7 elementor-widget elementor-widget-text-editor\" data-id=\"4f9a6f7\" data-element_type=\"widget\" data-e-type=\"widget\" data-widget_type=\"text-editor.default\">\n\t\t\t\t<div class=\"elementor-widget-container\">\n\t\t\t\t\t\t\t\t\t<h1>Conditions g\u00e9n\u00e9rales d&rsquo;utilisation<\/h1>\n<h5><b>1.<span style=\"white-space:pre\">\t<\/span>Introduction<\/b><\/h5>\n<p>Les pr\u00e9sentes conditions g\u00e9n\u00e9rales d&rsquo;utilisation (les \u00ab\u00a0CGU\u00a0\u00bb) r\u00e9gissent l&rsquo;utilisation du site internet http:\/\/www.aucoquelicot.be accessible aussi par http:\/\/www.au117.be\/aucoquelicot (le \u00ab\u00a0Site\u00a0\u00bb) et de tous les services et contenus disponibles sur le Site (les \u00ab\u00a0Services\u00a0\u00bb). Le Site est exploit\u00e9 par Le g\u00eete \u00ab Au Coquelicot \u00bb (l'\u00a0\u00bbExploitant\u00a0\u00bb).<\/p>\n<p>En utilisant le Site, vous acceptez d&rsquo;\u00eatre li\u00e9 par ces CGU, ainsi que par toutes les lois et r\u00e9glementations applicables, et vous acceptez que vous \u00eates responsable du respect de toutes les lois locales applicables. Si vous n&rsquo;acceptez pas ces termes, vous ne devez pas utiliser le Site.<\/p>\n<h5><b>2.<span style=\"white-space:pre\">\t<\/span>Utilisation du Site<\/b><\/h5>\n<p>Le Site est destin\u00e9 \u00e0 \u00eatre utilis\u00e9 \u00e0 des fins personnelles et non commerciales. L&rsquo;Exploitant vous accorde une licence limit\u00e9e, non exclusive, non transf\u00e9rable et r\u00e9vocable pour acc\u00e9der au Site et utiliser les Services conform\u00e9ment aux pr\u00e9sentes CGU.<\/p>\n<p>Vous acceptez de ne pas utiliser le Site ou les Services \u00e0 des fins ill\u00e9gales ou interdites par les pr\u00e9sentes CGU. Vous acceptez \u00e9galement de ne pas utiliser le Site de mani\u00e8re \u00e0 ce qu&rsquo;il puisse causer des dommages, des interruptions ou des dysfonctionnements de quelque nature que ce soit.<\/p>\n<h5>3.<span style=\"white-space:pre\">\t<\/span>Contenu du Site<\/h5>\n<p>Tous les contenus disponibles sur le Site, tels que le texte, les graphiques, les logos, les images, les vid\u00e9os, les clips audio, les marques de commerce, les logiciels et autres \u00e9l\u00e9ments (le \u00ab\u00a0Contenu\u00a0\u00bb), sont la propri\u00e9t\u00e9 de l&rsquo;Exploitant ou de ses conc\u00e9dants de licence et sont prot\u00e9g\u00e9s par les lois applicables en mati\u00e8re de propri\u00e9t\u00e9 intellectuelle.<\/p>\n<p>Vous acceptez de ne pas copier, modifier, distribuer, afficher, publier ou vendre le Contenu ou d&rsquo;en cr\u00e9er des \u0153uvres d\u00e9riv\u00e9es sans l&rsquo;autorisation \u00e9crite pr\u00e9alable de l&rsquo;Exploitant.<\/p>\n<h5>4.<span style=\"white-space:pre\">\t<\/span>Confidentialit\u00e9<\/h5>\n<p>La collecte et l&rsquo;utilisation de vos informations personnelles par l&rsquo;Exploitant sont r\u00e9gies par la Politique de confidentialit\u00e9 du Site, qui fait partie int\u00e9grante des pr\u00e9sentes CGU.<\/p>\n<h5>5.<span style=\"white-space:pre\">\t<\/span>Exclusion de garantie<\/h5>\n<p>Le Site et les Services sont fournis \u00ab\u00a0tels quels\u00a0\u00bb et \u00ab\u00a0selon disponibilit\u00e9\u00a0\u00bb. L&rsquo;Exploitant ne garantit pas que le Site ou les Services seront exempts d&rsquo;erreurs ou d&rsquo;interruptions, ou que les d\u00e9fauts seront corrig\u00e9s. L&rsquo;Exploitant ne garantit pas non plus que le Site ou les Services r\u00e9pondront \u00e0 vos besoins ou attentes, ni que les r\u00e9sultats obtenus gr\u00e2ce \u00e0 l&rsquo;utilisation du Site ou des Services seront exacts ou fiables.<\/p>\n<h5>6.<span style=\"white-space:pre\">\t<\/span>Limitation de responsabilit\u00e9<\/h5>\n<p>Dans la mesure permise par la loi, l&rsquo;Exploitant ne sera pas responsable envers vous ou tout tiers de tout dommage direct, indirect, accessoire, sp\u00e9cial ou cons\u00e9cutif d\u00e9coulant de l&rsquo;utilisation ou de l&rsquo;incapacit\u00e9 d&rsquo;utiliser le Site ou les Services, m\u00eame si l&rsquo;Exploitant a \u00e9t\u00e9 inform\u00e9 de la possibilit\u00e9 de tels dommages.<\/p>\n<h5>7.<span style=\"white-space:pre\">\t<\/span>Modification des CGU<br>L&rsquo;Exploitant se r\u00e9serve le droit de modifier ces CGU \u00e0 tout moment et sans pr\u00e9avis. Vous \u00eates responsable de v\u00e9rifier r\u00e9guli\u00e8rement les modifications apport\u00e9es aux pr\u00e9sentes CGU. En continuant \u00e0 utiliser le Site apr\u00e8s la publication de modifications, vous acceptez d&rsquo;\u00eatre li\u00e9 par les CGU modifi\u00e9es.<\/h5>\n\n<h5>8.<span style=\"white-space:pre\">\t<\/span>R\u00e9siliation<\/h5>\n<p>L&rsquo;Exploitant se r\u00e9serve le droit de r\u00e9silier votre acc\u00e8s au Site et aux Services \u00e0 tout moment, sans pr\u00e9avis ni responsabilit\u00e9, pour quelque raison que ce soit, y compris en cas de violation des pr\u00e9sentes CGU.<\/p>\n<h5>9.<span style=\"white-space:pre\">\t<\/span>Droit applicable<\/h5>\n<p>Les pr\u00e9sentes CGU sont r\u00e9gies et interpr\u00e9t\u00e9es conform\u00e9ment aux lois Belges. Tout litige d\u00e9coulant de ces CGU sera soumis \u00e0 la comp\u00e9tence exclusive des tribunaux dont d\u00e9pend le si\u00e8ge social de la soci\u00e9t\u00e9. La langue de r\u00e9f\u00e9rence, pour le r\u00e8glement de contentieux \u00e9ventuels, est le fran\u00e7ais.<\/p>\n<h5>10.<span style=\"white-space:pre\">\t<\/span>Dispositions g\u00e9n\u00e9rales<\/h5>\n<p>Les pr\u00e9sentes CGU constituent l&rsquo;int\u00e9gralit\u00e9 de l&rsquo;accord entre vous et l&rsquo;Exploitant en ce qui concerne l&rsquo;utilisation du Site et des Services. Si une disposition de ces CGU est jug\u00e9e invalide ou inapplicable par un tribunal comp\u00e9tent, cette disposition sera supprim\u00e9e sans affecter les autres dispositions des pr\u00e9sentes CGU. L&rsquo;omission de l&rsquo;Exploitant d&rsquo;exercer un droit ou une disposition des pr\u00e9sentes CGU ne constitue pas une renonciation \u00e0 ce droit ou \u00e0 cette disposition.<\/p>\n<h5>11.<span style=\"white-space:pre\">\t<\/span>Contactez-nous<\/h5>\n<p>Si vous avez des questions concernant ces CGU, veuillez nous contacter \u00e0 info@aucoquelicot.be.<\/p>\n<p>Derni\u00e8re mise \u00e0 jour : 13 mars 2023.<\/p>\n<p><br><\/p>\t\t\t\t\t\t\t\t<\/div>\n\t\t\t\t<\/div>\n\t\t\t\t\t<\/div>\n\t\t<\/div>\n\t\t\t\t<div class=\"elementor-column elementor-col-25 elementor-top-column elementor-element elementor-element-7548597\" data-id=\"7548597\" data-element_type=\"column\" data-e-type=\"column\">\n\t\t\t<div class=\"elementor-widget-wrap\">\n\t\t\t\t\t\t\t<\/div>\n\t\t<\/div>\n\t\t\t\t\t<\/div>\n\t\t<\/section>\n\t\t\t\t<\/div>\n\t\t","protected":false},"excerpt":{"rendered":"<p>Conditions g\u00e9n\u00e9rales d&rsquo;utilisation 1. Introduction Les pr\u00e9sentes conditions g\u00e9n\u00e9rales d&rsquo;utilisation (les \u00ab\u00a0CGU\u00a0\u00bb) r\u00e9gissent l&rsquo;utilisation du site internet http:\/\/www.aucoquelicot.be accessible aussi par http:\/\/www.au117.be\/aucoquelicot (le \u00ab\u00a0Site\u00a0\u00bb) et de tous les services et contenus disponibles sur le Site (les \u00ab\u00a0Services\u00a0\u00bb). Le Site est exploit\u00e9 par Le g\u00eete \u00ab Au Coquelicot \u00bb (l&rsquo;\u00a0\u00bbExploitant\u00a0\u00bb). En [&hellip;]<\/p>\n","protected":false},"author":2,"featured_media":0,"parent":155,"menu_order":0,"comment_status":"closed","ping_status":"open","template":"page-templates\/template-pagebuilder-full-width.php","meta":{"footnotes":""},"class_list":["post-571","page","type-page","status-publish","hentry"],"yoast_head":"<!-- This site is optimized with the Yoast SEO plugin v27.5 - https:\/\/yoast.com\/product\/yoast-seo-wordpress\/ -->\n<title>Conditions g\u00e9n\u00e9rales d&#039;utilisation - Au Coquelicot<\/title>\n<meta name=\"robots\" content=\"index, follow, max-snippet:-1, max-image-preview:large, max-video-preview:-1\" \/>\n<link rel=\"canonical\" href=\"https:\/\/au117.be\/aucoquelicot\/accueil\/cgu\/\" \/>\n<meta property=\"og:locale\" content=\"fr_FR\" \/>\n<meta property=\"og:type\" content=\"article\" \/>\n<meta property=\"og:title\" content=\"Conditions g\u00e9n\u00e9rales d&#039;utilisation - Au Coquelicot\" \/>\n<meta property=\"og:description\" content=\"Conditions g\u00e9n\u00e9rales d&rsquo;utilisation 1. Introduction Les pr\u00e9sentes conditions g\u00e9n\u00e9rales d&rsquo;utilisation (les \u00ab\u00a0CGU\u00a0\u00bb) r\u00e9gissent l&rsquo;utilisation du site internet http:\/\/www.aucoquelicot.be accessible aussi par http:\/\/www.au117.be\/aucoquelicot (le \u00ab\u00a0Site\u00a0\u00bb) et de tous les services et contenus disponibles sur le Site (les \u00ab\u00a0Services\u00a0\u00bb). Le Site est exploit\u00e9 par Le g\u00eete \u00ab Au Coquelicot \u00bb (l&#039;\u00a0\u00bbExploitant\u00a0\u00bb). En [&hellip;]\" \/>\n<meta property=\"og:url\" content=\"https:\/\/au117.be\/aucoquelicot\/accueil\/cgu\/\" \/>\n<meta property=\"og:site_name\" content=\"Au Coquelicot\" \/>\n<meta property=\"article:publisher\" content=\"https:\/\/www.facebook.com\/gite.aucoquelicot\" \/>\n<meta property=\"article:modified_time\" content=\"2023-03-14T17:03:22+00:00\" \/>\n<meta property=\"og:image\" content=\"https:\/\/au117.be\/aucoquelicot\/wp-content\/uploads\/2023\/02\/20211124_214049-scaled.jpg\" \/>\n\t<meta property=\"og:image:width\" content=\"2560\" \/>\n\t<meta property=\"og:image:height\" content=\"1441\" \/>\n\t<meta property=\"og:image:type\" content=\"image\/jpeg\" \/>\n<meta name=\"twitter:label1\" content=\"Dur\u00e9e de lecture estim\u00e9e\" \/>\n\t<meta name=\"twitter:data1\" content=\"4 minutes\" \/>\n<script type=\"application\/ld+json\" class=\"yoast-schema-graph\">{\"@context\":\"https:\\\/\\\/schema.org\",\"@graph\":[{\"@type\":\"WebPage\",\"@id\":\"https:\\\/\\\/au117.be\\\/aucoquelicot\\\/accueil\\\/cgu\\\/\",\"url\":\"https:\\\/\\\/au117.be\\\/aucoquelicot\\\/accueil\\\/cgu\\\/\",\"name\":\"Conditions g\u00e9n\u00e9rales d'utilisation - Au Coquelicot\",\"isPartOf\":{\"@id\":\"https:\\\/\\\/au117.be\\\/aucoquelicot\\\/#website\"},\"datePublished\":\"2023-03-14T16:54:31+00:00\",\"dateModified\":\"2023-03-14T17:03:22+00:00\",\"breadcrumb\":{\"@id\":\"https:\\\/\\\/au117.be\\\/aucoquelicot\\\/accueil\\\/cgu\\\/#breadcrumb\"},\"inLanguage\":\"fr-FR\",\"potentialAction\":[{\"@type\":\"ReadAction\",\"target\":[\"https:\\\/\\\/au117.be\\\/aucoquelicot\\\/accueil\\\/cgu\\\/\"]}]},{\"@type\":\"BreadcrumbList\",\"@id\":\"https:\\\/\\\/au117.be\\\/aucoquelicot\\\/accueil\\\/cgu\\\/#breadcrumb\",\"itemListElement\":[{\"@type\":\"ListItem\",\"position\":1,\"name\":\"Accueil\",\"item\":\"https:\\\/\\\/au117.be\\\/aucoquelicot\\\/\"},{\"@type\":\"ListItem\",\"position\":2,\"name\":\"Conditions g\u00e9n\u00e9rales d&rsquo;utilisation\"}]},{\"@type\":\"WebSite\",\"@id\":\"https:\\\/\\\/au117.be\\\/aucoquelicot\\\/#website\",\"url\":\"https:\\\/\\\/au117.be\\\/aucoquelicot\\\/\",\"name\":\"Au Coquelicot\",\"description\":\"Un g\u00eete cosy au c\u0153ur du Pays Vert\",\"publisher\":{\"@id\":\"https:\\\/\\\/au117.be\\\/aucoquelicot\\\/#organization\"},\"alternateName\":\"O Coklico\",\"potentialAction\":[{\"@type\":\"SearchAction\",\"target\":{\"@type\":\"EntryPoint\",\"urlTemplate\":\"https:\\\/\\\/au117.be\\\/aucoquelicot\\\/?s={search_term_string}\"},\"query-input\":{\"@type\":\"PropertyValueSpecification\",\"valueRequired\":true,\"valueName\":\"search_term_string\"}}],\"inLanguage\":\"fr-FR\"},{\"@type\":\"Organization\",\"@id\":\"https:\\\/\\\/au117.be\\\/aucoquelicot\\\/#organization\",\"name\":\"Le g\u00eete \\\"Au Coquelicot\\\"\",\"alternateName\":\"O Coklico\",\"url\":\"https:\\\/\\\/au117.be\\\/aucoquelicot\\\/\",\"logo\":{\"@type\":\"ImageObject\",\"inLanguage\":\"fr-FR\",\"@id\":\"https:\\\/\\\/au117.be\\\/aucoquelicot\\\/#\\\/schema\\\/logo\\\/image\\\/\",\"url\":\"https:\\\/\\\/au117.be\\\/aucoquelicot\\\/wp-content\\\/uploads\\\/2020\\\/04\\\/Sigle.jpg\",\"contentUrl\":\"https:\\\/\\\/au117.be\\\/aucoquelicot\\\/wp-content\\\/uploads\\\/2020\\\/04\\\/Sigle.jpg\",\"width\":652,\"height\":685,\"caption\":\"Le g\u00eete \\\"Au Coquelicot\\\"\"},\"image\":{\"@id\":\"https:\\\/\\\/au117.be\\\/aucoquelicot\\\/#\\\/schema\\\/logo\\\/image\\\/\"},\"sameAs\":[\"https:\\\/\\\/www.facebook.com\\\/gite.aucoquelicot\"]}]}<\/script>\n<!-- \/ Yoast SEO plugin. -->","yoast_head_json":{"title":"Conditions g\u00e9n\u00e9rales d'utilisation - Au Coquelicot","robots":{"index":"index","follow":"follow","max-snippet":"max-snippet:-1","max-image-preview":"max-image-preview:large","max-video-preview":"max-video-preview:-1"},"canonical":"https:\/\/au117.be\/aucoquelicot\/accueil\/cgu\/","og_locale":"fr_FR","og_type":"article","og_title":"Conditions g\u00e9n\u00e9rales d'utilisation - Au Coquelicot","og_description":"Conditions g\u00e9n\u00e9rales d&rsquo;utilisation 1. Introduction Les pr\u00e9sentes conditions g\u00e9n\u00e9rales d&rsquo;utilisation (les \u00ab\u00a0CGU\u00a0\u00bb) r\u00e9gissent l&rsquo;utilisation du site internet http:\/\/www.aucoquelicot.be accessible aussi par http:\/\/www.au117.be\/aucoquelicot (le \u00ab\u00a0Site\u00a0\u00bb) et de tous les services et contenus disponibles sur le Site (les \u00ab\u00a0Services\u00a0\u00bb). Le Site est exploit\u00e9 par Le g\u00eete \u00ab Au Coquelicot \u00bb (l'\u00a0\u00bbExploitant\u00a0\u00bb). En [&hellip;]","og_url":"https:\/\/au117.be\/aucoquelicot\/accueil\/cgu\/","og_site_name":"Au Coquelicot","article_publisher":"https:\/\/www.facebook.com\/gite.aucoquelicot","article_modified_time":"2023-03-14T17:03:22+00:00","og_image":[{"width":2560,"height":1441,"url":"https:\/\/au117.be\/aucoquelicot\/wp-content\/uploads\/2023\/02\/20211124_214049-scaled.jpg","type":"image\/jpeg"}],"twitter_misc":{"Dur\u00e9e de lecture estim\u00e9e":"4 minutes"},"schema":{"@context":"https:\/\/schema.org","@graph":[{"@type":"WebPage","@id":"https:\/\/au117.be\/aucoquelicot\/accueil\/cgu\/","url":"https:\/\/au117.be\/aucoquelicot\/accueil\/cgu\/","name":"Conditions g\u00e9n\u00e9rales d'utilisation - Au Coquelicot","isPartOf":{"@id":"https:\/\/au117.be\/aucoquelicot\/#website"},"datePublished":"2023-03-14T16:54:31+00:00","dateModified":"2023-03-14T17:03:22+00:00","breadcrumb":{"@id":"https:\/\/au117.be\/aucoquelicot\/accueil\/cgu\/#breadcrumb"},"inLanguage":"fr-FR","potentialAction":[{"@type":"ReadAction","target":["https:\/\/au117.be\/aucoquelicot\/accueil\/cgu\/"]}]},{"@type":"BreadcrumbList","@id":"https:\/\/au117.be\/aucoquelicot\/accueil\/cgu\/#breadcrumb","itemListElement":[{"@type":"ListItem","position":1,"name":"Accueil","item":"https:\/\/au117.be\/aucoquelicot\/"},{"@type":"ListItem","position":2,"name":"Conditions g\u00e9n\u00e9rales d&rsquo;utilisation"}]},{"@type":"WebSite","@id":"https:\/\/au117.be\/aucoquelicot\/#website","url":"https:\/\/au117.be\/aucoquelicot\/","name":"Au Coquelicot","description":"Un g\u00eete cosy au c\u0153ur du Pays Vert","publisher":{"@id":"https:\/\/au117.be\/aucoquelicot\/#organization"},"alternateName":"O Coklico","potentialAction":[{"@type":"SearchAction","target":{"@type":"EntryPoint","urlTemplate":"https:\/\/au117.be\/aucoquelicot\/?s={search_term_string}"},"query-input":{"@type":"PropertyValueSpecification","valueRequired":true,"valueName":"search_term_string"}}],"inLanguage":"fr-FR"},{"@type":"Organization","@id":"https:\/\/au117.be\/aucoquelicot\/#organization","name":"Le g\u00eete \"Au Coquelicot\"","alternateName":"O Coklico","url":"https:\/\/au117.be\/aucoquelicot\/","logo":{"@type":"ImageObject","inLanguage":"fr-FR","@id":"https:\/\/au117.be\/aucoquelicot\/#\/schema\/logo\/image\/","url":"https:\/\/au117.be\/aucoquelicot\/wp-content\/uploads\/2020\/04\/Sigle.jpg","contentUrl":"https:\/\/au117.be\/aucoquelicot\/wp-content\/uploads\/2020\/04\/Sigle.jpg","width":652,"height":685,"caption":"Le g\u00eete \"Au Coquelicot\""},"image":{"@id":"https:\/\/au117.be\/aucoquelicot\/#\/schema\/logo\/image\/"},"sameAs":["https:\/\/www.facebook.com\/gite.aucoquelicot"]}]}},"_links":{"self":[{"href":"https:\/\/au117.be\/aucoquelicot\/wp-json\/wp\/v2\/pages\/571","targetHints":{"allow":["GET"]}}],"collection":[{"href":"https:\/\/au117.be\/aucoquelicot\/wp-json\/wp\/v2\/pages"}],"about":[{"href":"https:\/\/au117.be\/aucoquelicot\/wp-json\/wp\/v2\/types\/page"}],"author":[{"embeddable":true,"href":"https:\/\/au117.be\/aucoquelicot\/wp-json\/wp\/v2\/users\/2"}],"replies":[{"embeddable":true,"href":"https:\/\/au117.be\/aucoquelicot\/wp-json\/wp\/v2\/comments?post=571"}],"version-history":[{"count":0,"href":"https:\/\/au117.be\/aucoquelicot\/wp-json\/wp\/v2\/pages\/571\/revisions"}],"up":[{"embeddable":true,"href":"https:\/\/au117.be\/aucoquelicot\/wp-json\/wp\/v2\/pages\/155"}],"wp:attachment":[{"href":"https:\/\/au117.be\/aucoquelicot\/wp-json\/wp\/v2\/media?parent=571"}],"curies":[{"name":"wp","href":"https:\/\/api.w.org\/{rel}","templated":true}]}}