{"id":430,"date":"2023-03-10T19:07:12","date_gmt":"2023-03-10T18:07:12","guid":{"rendered":"https:\/\/au117.be\/aucoquelicot\/?page_id=430"},"modified":"2023-08-09T17:06:54","modified_gmt":"2023-08-09T16:06:54","slug":"disponibilites","status":"publish","type":"page","link":"https:\/\/au117.be\/aucoquelicot\/disponibilites\/","title":{"rendered":"Disponibilit\u00e9s"},"content":{"rendered":"\t\t<div data-elementor-type=\"wp-page\" data-elementor-id=\"430\" class=\"elementor elementor-430\" data-elementor-post-type=\"page\">\n\t\t\t\t\t\t<section class=\"elementor-section elementor-top-section elementor-element elementor-element-e5bda15 elementor-section-boxed elementor-section-height-default elementor-section-height-default\" data-id=\"e5bda15\" data-element_type=\"section\" data-e-type=\"section\">\n\t\t\t\t\t\t<div class=\"elementor-container elementor-column-gap-default\">\n\t\t\t\t\t<div class=\"elementor-column elementor-col-100 elementor-top-column elementor-element elementor-element-9edabfd\" data-id=\"9edabfd\" data-element_type=\"column\" data-e-type=\"column\">\n\t\t\t<div class=\"elementor-widget-wrap elementor-element-populated\">\n\t\t\t\t\t\t<div class=\"elementor-element elementor-element-8114232 elementor-widget elementor-widget-html\" data-id=\"8114232\" data-element_type=\"widget\" data-e-type=\"widget\" data-widget_type=\"html.default\">\n\t\t\t\t<div class=\"elementor-widget-container\">\n\t\t\t\t\t<div id=\"ConstellationWidgetContainer26aa993e-d5b8-4f9d-8a30-7b4cfd60d524\" style=\"width:100%\" title=\"Au Coquelicot\" data-id-projet='26aa993ed5b84f9d8a307b4cfd60d524'>Chargement en cours...<\/div> <script type=\"text\/javascript\" src=\"https:\/\/reservation.elloha.com\/Scripts\/widget-loader.min.js?v=42\"><\/script> <script type=\"text\/javascript\">var constellationWidgetUrl26aa993ed5b84f9d8a307b4cfd60d524, constellationTypeModule26aa993ed5b84f9d8a307b4cfd60d524; constellationWidgetUrl26aa993ed5b84f9d8a307b4cfd60d524 = 'https:\/\/reservation.elloha.com\/Widget\/BookingEngine\/26aa993e-d5b8-4f9d-8a30-7b4cfd60d524?idoi=8fd71a9c-38f6-4b1c-92be-196a0a9d6927&culture=fr-FR'; constellationTypeModule26aa993ed5b84f9d8a307b4cfd60d524=1; constellationWidgetLoad('ConstellationWidgetContainer26aa993e-d5b8-4f9d-8a30-7b4cfd60d524'); constellationWidgetAddEvent(window, \"resize\", function () { constellationWidgetSetAppearance('ConstellationWidgetContainer26aa993e-d5b8-4f9d-8a30-7b4cfd60d524'); });<\/script>\t\t\t\t<\/div>\n\t\t\t\t<\/div>\n\t\t\t\t\t<\/div>\n\t\t<\/div>\n\t\t\t\t\t<\/div>\n\t\t<\/section>\n\t\t\t\t<section class=\"elementor-section elementor-top-section elementor-element elementor-element-e87a480 elementor-section-boxed elementor-section-height-default elementor-section-height-default\" data-id=\"e87a480\" data-element_type=\"section\" data-e-type=\"section\" data-settings=\"{&quot;background_background&quot;:&quot;classic&quot;}\">\n\t\t\t\t\t\t<div class=\"elementor-container elementor-column-gap-default\">\n\t\t\t\t\t<div class=\"elementor-column elementor-col-66 elementor-top-column elementor-element elementor-element-f5f305e\" data-id=\"f5f305e\" data-element_type=\"column\" data-e-type=\"column\" data-settings=\"{&quot;background_background&quot;:&quot;classic&quot;}\">\n\t\t\t<div class=\"elementor-widget-wrap elementor-element-populated\">\n\t\t\t\t\t\t<div class=\"elementor-element elementor-element-d44cda8 e-transform e-transform e-transform elementor-invisible elementor-widget elementor-widget-image\" data-id=\"d44cda8\" data-element_type=\"widget\" data-e-type=\"widget\" data-settings=\"{&quot;_animation&quot;:&quot;pulse&quot;,&quot;_transform_rotateZ_effect&quot;:{&quot;unit&quot;:&quot;px&quot;,&quot;size&quot;:&quot;&quot;,&quot;sizes&quot;:[]},&quot;_transform_rotateZ_effect_tablet&quot;:{&quot;unit&quot;:&quot;deg&quot;,&quot;size&quot;:&quot;&quot;,&quot;sizes&quot;:[]},&quot;_transform_rotateZ_effect_mobile&quot;:{&quot;unit&quot;:&quot;deg&quot;,&quot;size&quot;:&quot;&quot;,&quot;sizes&quot;:[]},&quot;_transform_scale_effect&quot;:{&quot;unit&quot;:&quot;px&quot;,&quot;size&quot;:&quot;&quot;,&quot;sizes&quot;:[]},&quot;_transform_scale_effect_tablet&quot;:{&quot;unit&quot;:&quot;px&quot;,&quot;size&quot;:&quot;&quot;,&quot;sizes&quot;:[]},&quot;_transform_scale_effect_mobile&quot;:{&quot;unit&quot;:&quot;px&quot;,&quot;size&quot;:&quot;&quot;,&quot;sizes&quot;:[]},&quot;_transform_skewX_effect&quot;:{&quot;unit&quot;:&quot;px&quot;,&quot;size&quot;:&quot;&quot;,&quot;sizes&quot;:[]},&quot;_transform_skewX_effect_tablet&quot;:{&quot;unit&quot;:&quot;deg&quot;,&quot;size&quot;:&quot;&quot;,&quot;sizes&quot;:[]},&quot;_transform_skewX_effect_mobile&quot;:{&quot;unit&quot;:&quot;deg&quot;,&quot;size&quot;:&quot;&quot;,&quot;sizes&quot;:[]},&quot;_transform_skewY_effect&quot;:{&quot;unit&quot;:&quot;px&quot;,&quot;size&quot;:&quot;&quot;,&quot;sizes&quot;:[]},&quot;_transform_skewY_effect_tablet&quot;:{&quot;unit&quot;:&quot;deg&quot;,&quot;size&quot;:&quot;&quot;,&quot;sizes&quot;:[]},&quot;_transform_skewY_effect_mobile&quot;:{&quot;unit&quot;:&quot;deg&quot;,&quot;size&quot;:&quot;&quot;,&quot;sizes&quot;:[]}}\" data-widget_type=\"image.default\">\n\t\t\t\t<div class=\"elementor-widget-container\">\n\t\t\t\t\t\t\t\t\t\t\t\t\t\t\t<img fetchpriority=\"high\" decoding=\"async\" width=\"750\" height=\"338\" src=\"https:\/\/au117.be\/aucoquelicot\/wp-content\/uploads\/2023\/02\/20220524_184729-768x346.jpg\" class=\"attachment-medium_large size-medium_large wp-image-183\" alt=\"Le g\u00eete &quot;Au Coquelicot&quot;\" srcset=\"https:\/\/au117.be\/aucoquelicot\/wp-content\/uploads\/2023\/02\/20220524_184729-768x346.jpg 768w, https:\/\/au117.be\/aucoquelicot\/wp-content\/uploads\/2023\/02\/20220524_184729-300x135.jpg 300w, https:\/\/au117.be\/aucoquelicot\/wp-content\/uploads\/2023\/02\/20220524_184729-1024x462.jpg 1024w, https:\/\/au117.be\/aucoquelicot\/wp-content\/uploads\/2023\/02\/20220524_184729-1536x692.jpg 1536w, https:\/\/au117.be\/aucoquelicot\/wp-content\/uploads\/2023\/02\/20220524_184729-2048x923.jpg 2048w\" sizes=\"(max-width: 750px) 100vw, 750px\" \/>\t\t\t\t\t\t\t\t\t\t\t\t\t\t\t<\/div>\n\t\t\t\t<\/div>\n\t\t\t\t\t<\/div>\n\t\t<\/div>\n\t\t\t\t<div class=\"elementor-column elementor-col-33 elementor-top-column elementor-element elementor-element-828f41b\" data-id=\"828f41b\" data-element_type=\"column\" data-e-type=\"column\" data-settings=\"{&quot;background_background&quot;:&quot;classic&quot;}\">\n\t\t\t<div class=\"elementor-widget-wrap elementor-element-populated\">\n\t\t\t\t\t\t<div class=\"elementor-element elementor-element-0ce8395 elementor-widget elementor-widget-text-editor\" data-id=\"0ce8395\" data-element_type=\"widget\" data-e-type=\"widget\" data-widget_type=\"text-editor.default\">\n\t\t\t\t<div class=\"elementor-widget-container\">\n\t\t\t\t\t\t\t\t\t<h3>DISPONIBILIT<span style=\"font-size: inherit; background-color: var( --e-global-color-5bc03aa ); color: var( --e-global-color-text ); font-family: var( --e-global-typography-text-font-family ), Sans-serif; font-weight: var( --e-global-typography-text-font-weight );\">\u00c9S<\/span><\/h3><p><o:p><\/o:p><\/p><p>D\u00e9placez vous dans le calendrier avec les fl\u00e8ches, les dates en vert\u00a0sont disponibles et celles en rouges sont indisponibles.<\/p>\t\t\t\t\t\t\t\t<\/div>\n\t\t\t\t<\/div>\n\t\t\t\t<div class=\"elementor-element elementor-element-7766f52 elementor-widget__width-initial elementor-widget elementor-widget-html\" data-id=\"7766f52\" data-element_type=\"widget\" data-e-type=\"widget\" data-widget_type=\"html.default\">\n\t\t\t\t<div class=\"elementor-widget-container\">\n\t\t\t\t\t<div id=\"ConstellationCalendarContainer6f0c4ea2-0bf3-4cfe-a272-fc8672703985\" style=\"width:100%; text-align:center;\" title=\"Au Coquelicot\" data-id-projet='6f0c4ea20bf34cfea272fc8672703985'>Chargement en cours...<\/div> <script type=\"text\/javascript\" src=\"https:\/\/reservation.elloha.com\/Scripts\/widget-loader.min.js?v=42\"><\/script> <script type=\"text\/javascript\">var constellationWidgetUrl6f0c4ea20bf34cfea272fc8672703985, constellationTypeModule6f0c4ea20bf34cfea272fc8672703985; constellationWidgetUrl6f0c4ea20bf34cfea272fc8672703985 = 'https:\/\/reservation.elloha.com\/Widget\/BookingCalendar\/6f0c4ea2-0bf3-4cfe-a272-fc8672703985?idoi=8fd71a9c-38f6-4b1c-92be-196a0a9d6927'; constellationTypeModule6f0c4ea20bf34cfea272fc8672703985=2; constellationBookingCalendarLoad('ConstellationCalendarContainer6f0c4ea2-0bf3-4cfe-a272-fc8672703985'); constellationWidgetAddEvent(window, \"resize\", function () { constellationWidgetSetAppearance('ConstellationCalendarContainer6f0c4ea2-0bf3-4cfe-a272-fc8672703985'); });<\/script>\t\t\t\t<\/div>\n\t\t\t\t<\/div>\n\t\t\t\t\t<\/div>\n\t\t<\/div>\n\t\t\t\t\t<\/div>\n\t\t<\/section>\n\t\t\t\t<\/div>\n\t\t","protected":false},"excerpt":{"rendered":"<p>Chargement en cours&#8230; DISPONIBILIT\u00c9S D\u00e9placez vous dans le calendrier avec les fl\u00e8ches, les dates en vert\u00a0sont disponibles et celles en rouges sont indisponibles. Chargement en cours&#8230;<\/p>\n","protected":false},"author":2,"featured_media":0,"parent":0,"menu_order":0,"comment_status":"closed","ping_status":"open","template":"page-templates\/template-pagebuilder-full-width.php","meta":{"footnotes":""},"class_list":["post-430","page","type-page","status-publish","hentry"],"yoast_head":"<!-- This site is optimized with the Yoast SEO plugin v27.5 - https:\/\/yoast.com\/product\/yoast-seo-wordpress\/ -->\n<title>Disponibilit\u00e9s - Au Coquelicot<\/title>\n<meta name=\"robots\" content=\"index, follow, max-snippet:-1, max-image-preview:large, max-video-preview:-1\" \/>\n<link rel=\"canonical\" href=\"https:\/\/au117.be\/aucoquelicot\/disponibilites\/\" \/>\n<meta property=\"og:locale\" content=\"fr_FR\" \/>\n<meta property=\"og:type\" content=\"article\" \/>\n<meta property=\"og:title\" content=\"Disponibilit\u00e9s - Au Coquelicot\" \/>\n<meta property=\"og:description\" content=\"Chargement en cours&#8230; DISPONIBILIT\u00c9S D\u00e9placez vous dans le calendrier avec les fl\u00e8ches, les dates en vert\u00a0sont disponibles et celles en rouges sont indisponibles. Chargement en cours&#8230;\" \/>\n<meta property=\"og:url\" content=\"https:\/\/au117.be\/aucoquelicot\/disponibilites\/\" \/>\n<meta property=\"og:site_name\" content=\"Au Coquelicot\" \/>\n<meta property=\"article:publisher\" content=\"https:\/\/www.facebook.com\/gite.aucoquelicot\" \/>\n<meta property=\"article:modified_time\" content=\"2023-08-09T16:06:54+00:00\" \/>\n<meta property=\"og:image\" content=\"https:\/\/au117.be\/aucoquelicot\/wp-content\/uploads\/2023\/02\/20220524_184729-768x346.jpg\" \/>\n<meta name=\"twitter:label1\" content=\"Dur\u00e9e de lecture estim\u00e9e\" \/>\n\t<meta name=\"twitter:data1\" content=\"1 minute\" \/>\n<script type=\"application\/ld+json\" class=\"yoast-schema-graph\">{\"@context\":\"https:\\\/\\\/schema.org\",\"@graph\":[{\"@type\":\"WebPage\",\"@id\":\"https:\\\/\\\/au117.be\\\/aucoquelicot\\\/disponibilites\\\/\",\"url\":\"https:\\\/\\\/au117.be\\\/aucoquelicot\\\/disponibilites\\\/\",\"name\":\"Disponibilit\u00e9s - Au Coquelicot\",\"isPartOf\":{\"@id\":\"https:\\\/\\\/au117.be\\\/aucoquelicot\\\/#website\"},\"primaryImageOfPage\":{\"@id\":\"https:\\\/\\\/au117.be\\\/aucoquelicot\\\/disponibilites\\\/#primaryimage\"},\"image\":{\"@id\":\"https:\\\/\\\/au117.be\\\/aucoquelicot\\\/disponibilites\\\/#primaryimage\"},\"thumbnailUrl\":\"https:\\\/\\\/au117.be\\\/aucoquelicot\\\/wp-content\\\/uploads\\\/2023\\\/02\\\/20220524_184729-768x346.jpg\",\"datePublished\":\"2023-03-10T18:07:12+00:00\",\"dateModified\":\"2023-08-09T16:06:54+00:00\",\"inLanguage\":\"fr-FR\",\"potentialAction\":[{\"@type\":\"ReadAction\",\"target\":[\"https:\\\/\\\/au117.be\\\/aucoquelicot\\\/disponibilites\\\/\"]}]},{\"@type\":\"ImageObject\",\"inLanguage\":\"fr-FR\",\"@id\":\"https:\\\/\\\/au117.be\\\/aucoquelicot\\\/disponibilites\\\/#primaryimage\",\"url\":\"https:\\\/\\\/au117.be\\\/aucoquelicot\\\/wp-content\\\/uploads\\\/2023\\\/02\\\/20220524_184729-scaled.jpg\",\"contentUrl\":\"https:\\\/\\\/au117.be\\\/aucoquelicot\\\/wp-content\\\/uploads\\\/2023\\\/02\\\/20220524_184729-scaled.jpg\",\"width\":2560,\"height\":1154,\"caption\":\"Le g\u00eete \\\"Au Coquelicot\\\"\"},{\"@type\":\"WebSite\",\"@id\":\"https:\\\/\\\/au117.be\\\/aucoquelicot\\\/#website\",\"url\":\"https:\\\/\\\/au117.be\\\/aucoquelicot\\\/\",\"name\":\"Au Coquelicot\",\"description\":\"Un g\u00eete cosy au c\u0153ur du Pays Vert\",\"publisher\":{\"@id\":\"https:\\\/\\\/au117.be\\\/aucoquelicot\\\/#organization\"},\"alternateName\":\"O Coklico\",\"potentialAction\":[{\"@type\":\"SearchAction\",\"target\":{\"@type\":\"EntryPoint\",\"urlTemplate\":\"https:\\\/\\\/au117.be\\\/aucoquelicot\\\/?s={search_term_string}\"},\"query-input\":{\"@type\":\"PropertyValueSpecification\",\"valueRequired\":true,\"valueName\":\"search_term_string\"}}],\"inLanguage\":\"fr-FR\"},{\"@type\":\"Organization\",\"@id\":\"https:\\\/\\\/au117.be\\\/aucoquelicot\\\/#organization\",\"name\":\"Le g\u00eete \\\"Au Coquelicot\\\"\",\"alternateName\":\"O Coklico\",\"url\":\"https:\\\/\\\/au117.be\\\/aucoquelicot\\\/\",\"logo\":{\"@type\":\"ImageObject\",\"inLanguage\":\"fr-FR\",\"@id\":\"https:\\\/\\\/au117.be\\\/aucoquelicot\\\/#\\\/schema\\\/logo\\\/image\\\/\",\"url\":\"https:\\\/\\\/au117.be\\\/aucoquelicot\\\/wp-content\\\/uploads\\\/2020\\\/04\\\/Sigle.jpg\",\"contentUrl\":\"https:\\\/\\\/au117.be\\\/aucoquelicot\\\/wp-content\\\/uploads\\\/2020\\\/04\\\/Sigle.jpg\",\"width\":652,\"height\":685,\"caption\":\"Le g\u00eete \\\"Au Coquelicot\\\"\"},\"image\":{\"@id\":\"https:\\\/\\\/au117.be\\\/aucoquelicot\\\/#\\\/schema\\\/logo\\\/image\\\/\"},\"sameAs\":[\"https:\\\/\\\/www.facebook.com\\\/gite.aucoquelicot\"]}]}<\/script>\n<!-- \/ Yoast SEO plugin. -->","yoast_head_json":{"title":"Disponibilit\u00e9s - Au Coquelicot","robots":{"index":"index","follow":"follow","max-snippet":"max-snippet:-1","max-image-preview":"max-image-preview:large","max-video-preview":"max-video-preview:-1"},"canonical":"https:\/\/au117.be\/aucoquelicot\/disponibilites\/","og_locale":"fr_FR","og_type":"article","og_title":"Disponibilit\u00e9s - Au Coquelicot","og_description":"Chargement en cours&#8230; DISPONIBILIT\u00c9S D\u00e9placez vous dans le calendrier avec les fl\u00e8ches, les dates en vert\u00a0sont disponibles et celles en rouges sont indisponibles. Chargement en cours&#8230;","og_url":"https:\/\/au117.be\/aucoquelicot\/disponibilites\/","og_site_name":"Au Coquelicot","article_publisher":"https:\/\/www.facebook.com\/gite.aucoquelicot","article_modified_time":"2023-08-09T16:06:54+00:00","og_image":[{"url":"https:\/\/au117.be\/aucoquelicot\/wp-content\/uploads\/2023\/02\/20220524_184729-768x346.jpg","type":"","width":"","height":""}],"twitter_misc":{"Dur\u00e9e de lecture estim\u00e9e":"1 minute"},"schema":{"@context":"https:\/\/schema.org","@graph":[{"@type":"WebPage","@id":"https:\/\/au117.be\/aucoquelicot\/disponibilites\/","url":"https:\/\/au117.be\/aucoquelicot\/disponibilites\/","name":"Disponibilit\u00e9s - Au Coquelicot","isPartOf":{"@id":"https:\/\/au117.be\/aucoquelicot\/#website"},"primaryImageOfPage":{"@id":"https:\/\/au117.be\/aucoquelicot\/disponibilites\/#primaryimage"},"image":{"@id":"https:\/\/au117.be\/aucoquelicot\/disponibilites\/#primaryimage"},"thumbnailUrl":"https:\/\/au117.be\/aucoquelicot\/wp-content\/uploads\/2023\/02\/20220524_184729-768x346.jpg","datePublished":"2023-03-10T18:07:12+00:00","dateModified":"2023-08-09T16:06:54+00:00","inLanguage":"fr-FR","potentialAction":[{"@type":"ReadAction","target":["https:\/\/au117.be\/aucoquelicot\/disponibilites\/"]}]},{"@type":"ImageObject","inLanguage":"fr-FR","@id":"https:\/\/au117.be\/aucoquelicot\/disponibilites\/#primaryimage","url":"https:\/\/au117.be\/aucoquelicot\/wp-content\/uploads\/2023\/02\/20220524_184729-scaled.jpg","contentUrl":"https:\/\/au117.be\/aucoquelicot\/wp-content\/uploads\/2023\/02\/20220524_184729-scaled.jpg","width":2560,"height":1154,"caption":"Le g\u00eete \"Au Coquelicot\""},{"@type":"WebSite","@id":"https:\/\/au117.be\/aucoquelicot\/#website","url":"https:\/\/au117.be\/aucoquelicot\/","name":"Au Coquelicot","description":"Un g\u00eete cosy au c\u0153ur du Pays Vert","publisher":{"@id":"https:\/\/au117.be\/aucoquelicot\/#organization"},"alternateName":"O Coklico","potentialAction":[{"@type":"SearchAction","target":{"@type":"EntryPoint","urlTemplate":"https:\/\/au117.be\/aucoquelicot\/?s={search_term_string}"},"query-input":{"@type":"PropertyValueSpecification","valueRequired":true,"valueName":"search_term_string"}}],"inLanguage":"fr-FR"},{"@type":"Organization","@id":"https:\/\/au117.be\/aucoquelicot\/#organization","name":"Le g\u00eete \"Au Coquelicot\"","alternateName":"O Coklico","url":"https:\/\/au117.be\/aucoquelicot\/","logo":{"@type":"ImageObject","inLanguage":"fr-FR","@id":"https:\/\/au117.be\/aucoquelicot\/#\/schema\/logo\/image\/","url":"https:\/\/au117.be\/aucoquelicot\/wp-content\/uploads\/2020\/04\/Sigle.jpg","contentUrl":"https:\/\/au117.be\/aucoquelicot\/wp-content\/uploads\/2020\/04\/Sigle.jpg","width":652,"height":685,"caption":"Le g\u00eete \"Au Coquelicot\""},"image":{"@id":"https:\/\/au117.be\/aucoquelicot\/#\/schema\/logo\/image\/"},"sameAs":["https:\/\/www.facebook.com\/gite.aucoquelicot"]}]}},"_links":{"self":[{"href":"https:\/\/au117.be\/aucoquelicot\/wp-json\/wp\/v2\/pages\/430","targetHints":{"allow":["GET"]}}],"collection":[{"href":"https:\/\/au117.be\/aucoquelicot\/wp-json\/wp\/v2\/pages"}],"about":[{"href":"https:\/\/au117.be\/aucoquelicot\/wp-json\/wp\/v2\/types\/page"}],"author":[{"embeddable":true,"href":"https:\/\/au117.be\/aucoquelicot\/wp-json\/wp\/v2\/users\/2"}],"replies":[{"embeddable":true,"href":"https:\/\/au117.be\/aucoquelicot\/wp-json\/wp\/v2\/comments?post=430"}],"version-history":[{"count":0,"href":"https:\/\/au117.be\/aucoquelicot\/wp-json\/wp\/v2\/pages\/430\/revisions"}],"wp:attachment":[{"href":"https:\/\/au117.be\/aucoquelicot\/wp-json\/wp\/v2\/media?parent=430"}],"curies":[{"name":"wp","href":"https:\/\/api.w.org\/{rel}","templated":true}]}}