{"id":378,"date":"2023-03-10T17:10:51","date_gmt":"2023-03-10T16:10:51","guid":{"rendered":"https:\/\/au117.be\/aucoquelicot\/?page_id=378"},"modified":"2026-02-23T20:18:04","modified_gmt":"2026-02-23T19:18:04","slug":"tarifs","status":"publish","type":"page","link":"https:\/\/au117.be\/aucoquelicot\/tarifs\/","title":{"rendered":"Tarifs"},"content":{"rendered":"\t\t<div data-elementor-type=\"wp-page\" data-elementor-id=\"378\" class=\"elementor elementor-378\" data-elementor-post-type=\"page\">\n\t\t\t\t\t\t<section class=\"elementor-section elementor-top-section elementor-element elementor-element-2775bf9 elementor-section-boxed elementor-section-height-default elementor-section-height-default\" data-id=\"2775bf9\" data-element_type=\"section\" data-e-type=\"section\">\n\t\t\t\t\t\t<div class=\"elementor-container elementor-column-gap-default\">\n\t\t\t\t\t<div class=\"elementor-column elementor-col-100 elementor-top-column elementor-element elementor-element-526e428\" data-id=\"526e428\" data-element_type=\"column\" data-e-type=\"column\">\n\t\t\t<div class=\"elementor-widget-wrap elementor-element-populated\">\n\t\t\t\t\t\t<div class=\"elementor-element elementor-element-53e9120 elementor-widget elementor-widget-price-table\" data-id=\"53e9120\" data-element_type=\"widget\" data-e-type=\"widget\" data-widget_type=\"price-table.default\">\n\t\t\t\t<div class=\"elementor-widget-container\">\n\t\t\t\t\t\n\t\t<div class=\"elementor-price-table\">\n\t\t\t\t\t\t\t<div class=\"elementor-price-table__header\">\n\t\t\t\t\t\t\t\t\t\t\t<h3 class=\"elementor-price-table__heading\">\n\t\t\t\t\t\tTARIFS\t\t\t\t\t\t<\/h3>\n\t\t\t\t\t\n\t\t\t\t\t\t\t\t\t\t\t<span class=\"elementor-price-table__subheading\">\n\t\t\t\t\t\t\tPour plus d'infos, contactez-nous\t\t\t\t\t\t<\/span>\n\t\t\t\t\t\t\t\t\t<\/div>\n\t\t\t\n\t\t\t<div class=\"elementor-price-table__price\">\n\t\t\t\t\t\t\t\t<span class=\"elementor-price-table__currency\">&#128;<\/span>\t\t\t\t\t\t\t\t\t<span class=\"elementor-price-table__integer-part\">\n\t\t\t\t\t\t189 \u00e0 262\t\t\t\t\t<\/span>\n\t\t\t\t\n\t\t\t\t\t\t\t\t\t<div class=\"elementor-price-table__after-price\">\n\t\t\t\t\t\t<span class=\"elementor-price-table__fractional-part\">\n\t\t\t\t\t\t\t5\t\t\t\t\t\t<\/span>\n\n\t\t\t\t\t\t\t\t\t\t\t<\/div>\n\t\t\t\t\n\t\t\t\t\n\t\t\t\t\t\t\t\t\t<span class=\"elementor-price-table__period elementor-typo-excluded\">La nuit en fonction de la saison (2 nuit\u00e9es minimum)<\/span>\t\t\t\t\t\t\t<\/div>\n\n\t\t\t\t\t\t\t<ul class=\"elementor-price-table__features-list\">\n\t\t\t\t\t\t\t\t\t\t\t<li class=\"elementor-repeater-item-0e8176b\">\n\t\t\t\t\t\t\t<div class=\"elementor-price-table__feature-inner\">\n\t\t\t\t\t\t\t\t<i aria-hidden=\"true\" class=\"far fa-check-circle\"><\/i>\t\t\t\t\t\t\t\t\t\t\t\t\t\t\t\t\t<span >\n\t\t\t\t\t\t\t\t\t\tLa semaine : \u00e0 partir de 861 \u20ac (soit 143,5 \u20ac la nuit)\t\t\t\t\t\t\t\t\t<\/span>\n\t\t\t\t\t\t\t\t\t\t\t\t\t\t\t\t<\/div>\n\t\t\t\t\t\t<\/li>\n\t\t\t\t\t\t\t\t\t\t\t<li class=\"elementor-repeater-item-8ddf53a\">\n\t\t\t\t\t\t\t<div class=\"elementor-price-table__feature-inner\">\n\t\t\t\t\t\t\t\t<i aria-hidden=\"true\" class=\"far fa-check-circle\"><\/i>\t\t\t\t\t\t\t\t\t\t\t\t\t\t\t\t\t<span >\n\t\t\t\t\t\t\t\t\t\tMidweek (4 nuits du lundi au vendredi) : \u00e0 partir de 605 \u20ac (soit 151,25 \u20ac la nuit)\t\t\t\t\t\t\t\t\t<\/span>\n\t\t\t\t\t\t\t\t\t\t\t\t\t\t\t\t<\/div>\n\t\t\t\t\t\t<\/li>\n\t\t\t\t\t\t\t\t\t\t\t<li class=\"elementor-repeater-item-7eb7a3f\">\n\t\t\t\t\t\t\t<div class=\"elementor-price-table__feature-inner\">\n\t\t\t\t\t\t\t\t<i aria-hidden=\"true\" class=\"fas fa-glass-cheers\"><\/i>\t\t\t\t\t\t\t\t\t\t\t\t\t\t\t\t\t<span >\n\t\t\t\t\t\t\t\t\t\tWeekend de f\u00eate : 262,5 \u20ac la nuit (3 nuit\u00e9es minimum)\t\t\t\t\t\t\t\t\t<\/span>\n\t\t\t\t\t\t\t\t\t\t\t\t\t\t\t\t<\/div>\n\t\t\t\t\t\t<\/li>\n\t\t\t\t\t\t\t\t\t\t\t<li class=\"elementor-repeater-item-8146216\">\n\t\t\t\t\t\t\t<div class=\"elementor-price-table__feature-inner\">\n\t\t\t\t\t\t\t\t<i aria-hidden=\"true\" class=\"fas fa-percent\"><\/i>\t\t\t\t\t\t\t\t\t\t\t\t\t\t\t\t\t<span >\n\t\t\t\t\t\t\t\t\t\tR\u00e9ductions possibles en cas de capacit\u00e9 r\u00e9duite ou de s\u00e9jours de longue dur\u00e9e<br><br>Nettoyage \u00e0 charge du locataire : 90 \u20ac<br><br>\n La taxe de s\u00e9jour: 3,04\u20ac\/nuit\/pers (1,5\u20ac &lt; 18 ans) \n\nsera \u00e0 payer quelques jours avant votre arriv\u00e9e.<br><br>Tous nos prix sont TVA incluse (12%)\t\t\t\t\t\t\t\t\t<\/span>\n\t\t\t\t\t\t\t\t\t\t\t\t\t\t\t\t<\/div>\n\t\t\t\t\t\t<\/li>\n\t\t\t\t\t\t\t\t\t<\/ul>\n\t\t\t\n\t\t\t\t\t\t\t<div class=\"elementor-price-table__footer\">\n\t\t\t\t\t\t\t\t\t\t\t<a class=\"elementor-price-table__button elementor-button elementor-size-md\" href=\"https:\/\/au117.be\/aucoquelicot\/contact\">\n\t\t\t\t\t\t\tContactez-nous\t\t\t\t\t\t<\/a>\n\t\t\t\t\t\n\t\t\t\t\t\t\t\t\t\t\t<div class=\"elementor-price-table__additional_info\">\n\t\t\t\t\t\t\tVous avez un probl\u00e8me ? Une question ? Ou simplement l'envie de discuter ? Pas de panique, nous sommes l\u00e0 pour vous ! Que vous soyez un client r\u00e9gulier ou un nouveau venu, nous sommes toujours ravis de vous accueillir avec un grand sourire et un brin d'humour. Alors n'h\u00e9sitez pas \u00e0 nous contacter, que ce soit par t\u00e9l\u00e9phone, par email ou m\u00eame sur les r\u00e9seaux sociaux. Nous ferons de notre mieux pour r\u00e9pondre \u00e0 vos besoins dans bonne humeur. Parce que chez nous, le service client, c'est un plaisir ! Alors \u00e0 bient\u00f4t !\t\t\t\t\t\t<\/div>\n\t\t\t\t\t\t\t\t\t<\/div>\n\t\t\t\t\t<\/div>\n\n\t\t\t\t\t\t<\/div>\n\t\t\t\t<\/div>\n\t\t\t\t\t<\/div>\n\t\t<\/div>\n\t\t\t\t\t<\/div>\n\t\t<\/section>\n\t\t\t\t<\/div>\n\t\t","protected":false},"excerpt":{"rendered":"<p>TARIFS Pour plus d&rsquo;infos, contactez-nous &#8364; 189 \u00e0 262 5 La nuit en fonction de la saison (2 nuit\u00e9es minimum) La semaine : \u00e0 partir de 861 \u20ac (soit 143,5 \u20ac la nuit) Midweek (4 nuits du lundi au vendredi) : \u00e0 partir de 605 \u20ac (soit 151,25 \u20ac la [&hellip;]<\/p>\n","protected":false},"author":2,"featured_media":0,"parent":0,"menu_order":0,"comment_status":"closed","ping_status":"open","template":"page-templates\/template-pagebuilder-full-width.php","meta":{"footnotes":""},"class_list":["post-378","page","type-page","status-publish","hentry"],"yoast_head":"<!-- This site is optimized with the Yoast SEO plugin v27.5 - https:\/\/yoast.com\/product\/yoast-seo-wordpress\/ -->\n<title>Tarifs - Au Coquelicot<\/title>\n<meta name=\"robots\" content=\"index, follow, max-snippet:-1, max-image-preview:large, max-video-preview:-1\" \/>\n<link rel=\"canonical\" href=\"https:\/\/au117.be\/aucoquelicot\/tarifs\/\" \/>\n<meta property=\"og:locale\" content=\"fr_FR\" \/>\n<meta property=\"og:type\" content=\"article\" \/>\n<meta property=\"og:title\" content=\"Tarifs - Au Coquelicot\" \/>\n<meta property=\"og:description\" content=\"TARIFS Pour plus d&rsquo;infos, contactez-nous &#8364; 189 \u00e0 262 5 La nuit en fonction de la saison (2 nuit\u00e9es minimum) La semaine : \u00e0 partir de 861 \u20ac (soit 143,5 \u20ac la nuit) Midweek (4 nuits du lundi au vendredi) : \u00e0 partir de 605 \u20ac (soit 151,25 \u20ac la [&hellip;]\" \/>\n<meta property=\"og:url\" content=\"https:\/\/au117.be\/aucoquelicot\/tarifs\/\" \/>\n<meta property=\"og:site_name\" content=\"Au Coquelicot\" \/>\n<meta property=\"article:publisher\" content=\"https:\/\/www.facebook.com\/gite.aucoquelicot\" \/>\n<meta property=\"article:modified_time\" content=\"2026-02-23T19:18:04+00:00\" \/>\n<meta property=\"og:image\" content=\"https:\/\/au117.be\/aucoquelicot\/wp-content\/uploads\/2023\/02\/20211124_214049-scaled.jpg\" \/>\n\t<meta property=\"og:image:width\" content=\"2560\" \/>\n\t<meta property=\"og:image:height\" content=\"1441\" \/>\n\t<meta property=\"og:image:type\" content=\"image\/jpeg\" \/>\n<meta name=\"twitter:label1\" content=\"Dur\u00e9e de lecture estim\u00e9e\" \/>\n\t<meta name=\"twitter:data1\" content=\"1 minute\" \/>\n<script type=\"application\/ld+json\" class=\"yoast-schema-graph\">{\"@context\":\"https:\\\/\\\/schema.org\",\"@graph\":[{\"@type\":\"WebPage\",\"@id\":\"https:\\\/\\\/au117.be\\\/aucoquelicot\\\/tarifs\\\/\",\"url\":\"https:\\\/\\\/au117.be\\\/aucoquelicot\\\/tarifs\\\/\",\"name\":\"Tarifs - Au Coquelicot\",\"isPartOf\":{\"@id\":\"https:\\\/\\\/au117.be\\\/aucoquelicot\\\/#website\"},\"datePublished\":\"2023-03-10T16:10:51+00:00\",\"dateModified\":\"2026-02-23T19:18:04+00:00\",\"inLanguage\":\"fr-FR\",\"potentialAction\":[{\"@type\":\"ReadAction\",\"target\":[\"https:\\\/\\\/au117.be\\\/aucoquelicot\\\/tarifs\\\/\"]}]},{\"@type\":\"WebSite\",\"@id\":\"https:\\\/\\\/au117.be\\\/aucoquelicot\\\/#website\",\"url\":\"https:\\\/\\\/au117.be\\\/aucoquelicot\\\/\",\"name\":\"Au Coquelicot\",\"description\":\"Un g\u00eete cosy au c\u0153ur du Pays Vert\",\"publisher\":{\"@id\":\"https:\\\/\\\/au117.be\\\/aucoquelicot\\\/#organization\"},\"alternateName\":\"O Coklico\",\"potentialAction\":[{\"@type\":\"SearchAction\",\"target\":{\"@type\":\"EntryPoint\",\"urlTemplate\":\"https:\\\/\\\/au117.be\\\/aucoquelicot\\\/?s={search_term_string}\"},\"query-input\":{\"@type\":\"PropertyValueSpecification\",\"valueRequired\":true,\"valueName\":\"search_term_string\"}}],\"inLanguage\":\"fr-FR\"},{\"@type\":\"Organization\",\"@id\":\"https:\\\/\\\/au117.be\\\/aucoquelicot\\\/#organization\",\"name\":\"Le g\u00eete \\\"Au Coquelicot\\\"\",\"alternateName\":\"O Coklico\",\"url\":\"https:\\\/\\\/au117.be\\\/aucoquelicot\\\/\",\"logo\":{\"@type\":\"ImageObject\",\"inLanguage\":\"fr-FR\",\"@id\":\"https:\\\/\\\/au117.be\\\/aucoquelicot\\\/#\\\/schema\\\/logo\\\/image\\\/\",\"url\":\"https:\\\/\\\/au117.be\\\/aucoquelicot\\\/wp-content\\\/uploads\\\/2020\\\/04\\\/Sigle.jpg\",\"contentUrl\":\"https:\\\/\\\/au117.be\\\/aucoquelicot\\\/wp-content\\\/uploads\\\/2020\\\/04\\\/Sigle.jpg\",\"width\":652,\"height\":685,\"caption\":\"Le g\u00eete \\\"Au Coquelicot\\\"\"},\"image\":{\"@id\":\"https:\\\/\\\/au117.be\\\/aucoquelicot\\\/#\\\/schema\\\/logo\\\/image\\\/\"},\"sameAs\":[\"https:\\\/\\\/www.facebook.com\\\/gite.aucoquelicot\"]}]}<\/script>\n<!-- \/ Yoast SEO plugin. -->","yoast_head_json":{"title":"Tarifs - Au Coquelicot","robots":{"index":"index","follow":"follow","max-snippet":"max-snippet:-1","max-image-preview":"max-image-preview:large","max-video-preview":"max-video-preview:-1"},"canonical":"https:\/\/au117.be\/aucoquelicot\/tarifs\/","og_locale":"fr_FR","og_type":"article","og_title":"Tarifs - Au Coquelicot","og_description":"TARIFS Pour plus d&rsquo;infos, contactez-nous &#8364; 189 \u00e0 262 5 La nuit en fonction de la saison (2 nuit\u00e9es minimum) La semaine : \u00e0 partir de 861 \u20ac (soit 143,5 \u20ac la nuit) Midweek (4 nuits du lundi au vendredi) : \u00e0 partir de 605 \u20ac (soit 151,25 \u20ac la [&hellip;]","og_url":"https:\/\/au117.be\/aucoquelicot\/tarifs\/","og_site_name":"Au Coquelicot","article_publisher":"https:\/\/www.facebook.com\/gite.aucoquelicot","article_modified_time":"2026-02-23T19:18:04+00:00","og_image":[{"width":2560,"height":1441,"url":"https:\/\/au117.be\/aucoquelicot\/wp-content\/uploads\/2023\/02\/20211124_214049-scaled.jpg","type":"image\/jpeg"}],"twitter_misc":{"Dur\u00e9e de lecture estim\u00e9e":"1 minute"},"schema":{"@context":"https:\/\/schema.org","@graph":[{"@type":"WebPage","@id":"https:\/\/au117.be\/aucoquelicot\/tarifs\/","url":"https:\/\/au117.be\/aucoquelicot\/tarifs\/","name":"Tarifs - Au Coquelicot","isPartOf":{"@id":"https:\/\/au117.be\/aucoquelicot\/#website"},"datePublished":"2023-03-10T16:10:51+00:00","dateModified":"2026-02-23T19:18:04+00:00","inLanguage":"fr-FR","potentialAction":[{"@type":"ReadAction","target":["https:\/\/au117.be\/aucoquelicot\/tarifs\/"]}]},{"@type":"WebSite","@id":"https:\/\/au117.be\/aucoquelicot\/#website","url":"https:\/\/au117.be\/aucoquelicot\/","name":"Au Coquelicot","description":"Un g\u00eete cosy au c\u0153ur du Pays Vert","publisher":{"@id":"https:\/\/au117.be\/aucoquelicot\/#organization"},"alternateName":"O Coklico","potentialAction":[{"@type":"SearchAction","target":{"@type":"EntryPoint","urlTemplate":"https:\/\/au117.be\/aucoquelicot\/?s={search_term_string}"},"query-input":{"@type":"PropertyValueSpecification","valueRequired":true,"valueName":"search_term_string"}}],"inLanguage":"fr-FR"},{"@type":"Organization","@id":"https:\/\/au117.be\/aucoquelicot\/#organization","name":"Le g\u00eete \"Au Coquelicot\"","alternateName":"O Coklico","url":"https:\/\/au117.be\/aucoquelicot\/","logo":{"@type":"ImageObject","inLanguage":"fr-FR","@id":"https:\/\/au117.be\/aucoquelicot\/#\/schema\/logo\/image\/","url":"https:\/\/au117.be\/aucoquelicot\/wp-content\/uploads\/2020\/04\/Sigle.jpg","contentUrl":"https:\/\/au117.be\/aucoquelicot\/wp-content\/uploads\/2020\/04\/Sigle.jpg","width":652,"height":685,"caption":"Le g\u00eete \"Au Coquelicot\""},"image":{"@id":"https:\/\/au117.be\/aucoquelicot\/#\/schema\/logo\/image\/"},"sameAs":["https:\/\/www.facebook.com\/gite.aucoquelicot"]}]}},"_links":{"self":[{"href":"https:\/\/au117.be\/aucoquelicot\/wp-json\/wp\/v2\/pages\/378","targetHints":{"allow":["GET"]}}],"collection":[{"href":"https:\/\/au117.be\/aucoquelicot\/wp-json\/wp\/v2\/pages"}],"about":[{"href":"https:\/\/au117.be\/aucoquelicot\/wp-json\/wp\/v2\/types\/page"}],"author":[{"embeddable":true,"href":"https:\/\/au117.be\/aucoquelicot\/wp-json\/wp\/v2\/users\/2"}],"replies":[{"embeddable":true,"href":"https:\/\/au117.be\/aucoquelicot\/wp-json\/wp\/v2\/comments?post=378"}],"version-history":[{"count":39,"href":"https:\/\/au117.be\/aucoquelicot\/wp-json\/wp\/v2\/pages\/378\/revisions"}],"predecessor-version":[{"id":1001,"href":"https:\/\/au117.be\/aucoquelicot\/wp-json\/wp\/v2\/pages\/378\/revisions\/1001"}],"wp:attachment":[{"href":"https:\/\/au117.be\/aucoquelicot\/wp-json\/wp\/v2\/media?parent=378"}],"curies":[{"name":"wp","href":"https:\/\/api.w.org\/{rel}","templated":true}]}}